{"id":16704,"date":"2024-04-23T14:00:03","date_gmt":"2024-04-23T12:00:03","guid":{"rendered":"https:\/\/onezone.ch\/?page_id=16704"},"modified":"2024-04-23T14:54:13","modified_gmt":"2024-04-23T12:54:13","slug":"app-download","status":"publish","type":"page","link":"https:\/\/onezone.ch\/en\/app-download\/","title":{"rendered":"App download"},"content":{"rendered":"\n\n<section id=\"res-header-image-block_1e6755b4c9092fe4e11b8e00e43ab512\" class=\"res-block res-header-image alignfull \">\n  <div class=\"res-header-img-outside mb-4\" data-aos=\"res-fadeIn\">\n\t<div class=\"res-header-height\">\n\t\t\n\t\n\t  <style> \n\t\t  @media only screen and (min-width: 970px) {\n\t\t\t #res-header-image-block_1e6755b4c9092fe4e11b8e00e43ab512.res-header-image .layout-1.header-img-height { height: 50vh;}  \n\t\t\t #res-header-image-block_1e6755b4c9092fe4e11b8e00e43ab512.res-header-image .layout-1 .res-header-image-vertical-center { top: 60%;} \n\t\t\t  \t\t\t  \n\t\t\t  \n\t\t  }\n\t\t  @media only screen and (max-width: 970px) {  \n\t\t\t#res-header-image-block_1e6755b4c9092fe4e11b8e00e43ab512.res-header-image .layout-1.header-img-height { height: 70vh;} \n\t\t\t  \n\t\t\t  \n\t\t\t    #res-header-image-block_1e6755b4c9092fe4e11b8e00e43ab512.res-header-image .layout-1 .res-header-image-vertical-center { top: 55%;}\t\t\t  \t\t  }\n\t\t   \n\t\t\t  @media only screen and (min-width: 1280px) {\n\t\t\t\t#res-header-image-block_1e6755b4c9092fe4e11b8e00e43ab512.res-header-image .layout-1 .sloganBox {font-size: 120%;}\t\t\t\t#res-header-image-block_1e6755b4c9092fe4e11b8e00e43ab512.res-header-image .layout-1 h1 {font-size: 240%; line-height: 105%;}\t\t\t\t \n\t\t\t\t#res-header-image-block_1e6755b4c9092fe4e11b8e00e43ab512.res-header-image .layout-1 h3 {font-size: 120%; line-height: 140%;} \t\t\t\t\t\t\t\t  #res-header-image-block_1e6755b4c9092fe4e11b8e00e43ab512.res-header-image .layout-1 h1 {font-weight: 100;}\n\t\t\t\t  #res-header-image-block_1e6755b4c9092fe4e11b8e00e43ab512.res-header-image .layout-1 h2 {font-weight: 100;}\n\t\t\t\t  #res-header-image-block_1e6755b4c9092fe4e11b8e00e43ab512.res-header-image .layout-1 h3 {font-weight: 100;}\n\t\t\t\t \t\t\t  }   \n\t\t \t  <\/style> \n\t\t\n\t  <div class=\"layout-1 jarallax header-img-height\" data-speed=\"0.7\" style=\"background-color: #000;\">\n\t\t  \n\t\t\t\t<div class=\"res-header-image-vertical-center\">\n\t\t\t\t\t<div class=\"container-fluid\">\n\t\t\t\t\t\t\n\t\t\t\t\t\t<div class=\"sloganBox\">\n                           <div class=\"row\">\n                             <div class=\"col col-md-8 text-left\">\n\t\t\t\t\t\t\t\t <div class=\"\" data-aos=\"res-leftIncoming\">\n\t\t\t\t\t\t\t\t \n                                                                   <h1><strong>oneZone &#8211; Versicherung App Schweiz<\/strong><\/h1>\n                                \t\n\t\t\t\t\t\t\t\t \n                                \t\t\t\t\t\t\t\t \n                                                                   <h3>Freude an Versicherungen? Es geht wirklich!<\/h3>\n                                \t\n\t\t\t\t\t\t\t\t \n\t\t\t\t\t\t\t\t\t\t\t\t\t\t\t\t  <p><a href=\"https:\/\/play.google.com\/store\/apps\/details?id=ch.onezone.app\" target=\"_blank\" rel=\"noopener\"><img loading=\"lazy\" decoding=\"async\" class=\"app-store-logo alignleft wp-image-16412\" src=\"https:\/\/onezone.ch\/wp-content\/uploads\/2024\/03\/onezone-android-app-klein.png\" alt=\"\" width=\"187\" height=\"64\" \/><\/a><a href=\"https:\/\/apps.apple.com\/ch\/app\/onezone-app\/id6472719963\" target=\"_blank\" rel=\"noopener\"><img loading=\"lazy\" decoding=\"async\" class=\"app-store-logo alignnone wp-image-16416\" src=\"https:\/\/onezone.ch\/wp-content\/uploads\/2024\/03\/onezone-ios-app-zugeschnitten-600x212.png\" alt=\"\" width=\"178\" height=\"63\" \/><\/a> <a href=\"https:\/\/webapp.onezone.ch\/#\/home\/register\/388d81fc381ecdba01411e481e7d4bf6\" target=\"_blank\" rel=\"noopener\"><img loading=\"lazy\" decoding=\"async\" class=\"app-store-logo alignnone wp-image-16420 \" src=\"https:\/\/onezone.ch\/wp-content\/uploads\/2024\/03\/onezone-webapp-zugeschnitten-600x209.png\" alt=\"\" width=\"178\" height=\"62\" srcset=\"https:\/\/onezone.ch\/wp-content\/uploads\/2024\/03\/onezone-webapp-zugeschnitten-600x209.png 600w, https:\/\/onezone.ch\/wp-content\/uploads\/2024\/03\/onezone-webapp-zugeschnitten-768x268.png 768w, https:\/\/onezone.ch\/wp-content\/uploads\/2024\/03\/onezone-webapp-zugeschnitten.png 1296w\" sizes=\"(max-width: 178px) 100vw, 178px\" \/><\/a><\/p>\n\t\t\t\t\t\t\t\t\t\n\n\t\t\t\t\t\t\t\t   \n\t\t\t\t\t\t\t\t\t <div class=\"pt-lg-2\">\n\t\t\t\t\t\t\t\t\t\t\t\t\t\t\t\t\t\n\t\t\t\t\t\t\t\t\t\t\t\t\t\t\t\t\t\t\t <\/div>\n\t\t\t\t\t\t\t\t\t\t\t\t\t\t\t\t \n\t\t\t\t\t\t\t\t\t<\/div>\n\t\t\t\t                 <\/div>\n\t\t\t\t\t\t\t<\/div>\n\t\t\t\t\t\t<\/div>\n\n\t\t\t\t\t<\/div>\n\t\t\t\t<\/div>\n\t\t\t\t\n\t\t\t\t\t\t<img decoding=\"async\" class=\"jarallax-img img-fluid\" src=\"https:\/\/onezone.ch\/wp-content\/uploads\/2022\/07\/onezone-fullscreen-zusatzversicherung.webp\" alt=\"\"  style=\"opacity: 0.95;\" \/>\n\t\t    \t\t  \n\t\t\t \n\t\t\t  <div class=\"header-arrow\"><a class=\"scrollerTo\" href=\"#content\"><i class=\"fal fa-chevron-down\" aria-hidden=\"true\"><\/i><\/a> <\/div>\n\t\t\t\t\t  \n\t\t   <\/div>\n\t\t\t \n\t \n\n\n\t\t<\/div>\n\t<\/div>\n<\/section>\t\n\n\r\n  \r\n\t<style>\r\n\t\t.link-anker-with-no-padding {padding: 0 !important;}\r\n  <\/style>\r\n\r\n<section id=\"content\" class=\"res-block res-link-anker py-4 Transparent link-anker-with-no-padding\" style=\"background: transparent;\">\r\n  <div class=\"inner-container container-off\" data-aos=\"res-fadeIn\">\r\n\t\r\n\t\t\r\n\t  \r\n\r\n\t<\/div>\r\n<\/section>\n\n\n\n<section id=\"res-text-bild-block_45c3779709573177cbf67e8c793aadac\" class=\"res-block res-text-bild alignfull layout01 pt-5 Transparent hintergrund-rechts\t\" style=\"background: transparent;\">\n  <div class=\"inner-container container-fluid\" data-aos=\"res-downIncoming\">\n\n\t\t\t  <style>\n\t\t\t @media only screen and (min-width: 970px) {\n\t\t\t  #res-text-bild-block_45c3779709573177cbf67e8c793aadac.res-text-bild .layout-1 .txt-imagebox.offset-md-1 {margin-left: 5%;}\n\t\t\t  #res-text-bild-block_45c3779709573177cbf67e8c793aadac.res-text-bild .layout-1 .txt-box.offset-md-1 {margin-left: 5%;}\n\t\t\t}\n\t\t\t \t\t\t\t @media only screen and (min-width: 1280px) {\n\t\t\t\t   \t\t\t\t \t\t\t\t\t\t#res-text-bild-block_45c3779709573177cbf67e8c793aadac.res-text-bild h2{\n\t\t\t\t\t\t\tfont-size: 230%;\n\t\t\t\t\t\t\tline-height: 120%;\n\t\t\t\t\t\t\tfont-weight: 600;\n\t\t\t\t\t\t}\n\t\t\t\t  \t\t\t\t \t\t\t\t}\n\t\t\t\n\t\t  <\/style>\n\n\n        <div class=\"layout-1 row flex-row-reverse \">\n\t\t\t<div class=\"col-md-6 txt-box offset-md-1\">\n\n\n\t\t\t\n\t\t\t\t\t\t\t\t\t<h2>Jetzt App f\u00fcr Smartphone downloaden oder Webapp nutzen<\/h2>\n\t\t\t\t\n\t\t\t\t\n\t\t\t\t <div class=\"txt-text postContent pt-2 pt-md-2\">\n\t\t\t\t\t\t\t\t\t\t  <p>Mit der oneZone App hast du deine Versicherungen im Griff!<br \/>\nJetzt ausprobieren und direkt downloaden!<\/p>\n<p><strong>Die App gibt&#8217;s f\u00fcr android, ios oder als web app:<\/strong><\/p>\n<p><a href=\"https:\/\/play.google.com\/store\/apps\/details?id=ch.onezone.app\" target=\"_blank\" rel=\"noopener\"><img loading=\"lazy\" decoding=\"async\" class=\"app-store-logo alignleft wp-image-16412\" src=\"https:\/\/onezone.ch\/wp-content\/uploads\/2024\/03\/onezone-android-app-klein.png\" alt=\"\" width=\"187\" height=\"64\" \/><\/a><a href=\"https:\/\/apps.apple.com\/ch\/app\/onezone-app\/id6472719963\" target=\"_blank\" rel=\"noopener\"><img loading=\"lazy\" decoding=\"async\" class=\"app-store-logo alignnone wp-image-16416\" src=\"https:\/\/onezone.ch\/wp-content\/uploads\/2024\/03\/onezone-ios-app-zugeschnitten-600x212.png\" alt=\"\" width=\"178\" height=\"63\" \/><\/a> <a href=\"https:\/\/webapp.onezone.ch\/#\/home\/register\/388d81fc381ecdba01411e481e7d4bf6\" target=\"_blank\" rel=\"noopener\"><img loading=\"lazy\" decoding=\"async\" class=\"app-store-logo alignnone wp-image-16420 \" src=\"https:\/\/onezone.ch\/wp-content\/uploads\/2024\/03\/onezone-webapp-zugeschnitten-600x209.png\" alt=\"\" width=\"178\" height=\"62\" srcset=\"https:\/\/onezone.ch\/wp-content\/uploads\/2024\/03\/onezone-webapp-zugeschnitten-600x209.png 600w, https:\/\/onezone.ch\/wp-content\/uploads\/2024\/03\/onezone-webapp-zugeschnitten-768x268.png 768w, https:\/\/onezone.ch\/wp-content\/uploads\/2024\/03\/onezone-webapp-zugeschnitten.png 1296w\" sizes=\"(max-width: 178px) 100vw, 178px\" \/><\/a><\/p>\n\t\t\t\t\t\n\t\t\t\t\t \n\t\t\t\t\t\t\t\t\t\t  <p class=\"txt-arrow pt-1\"><a class=\"scrollerTo\" href=\"#vorteile\"><i class=\"fal fa-arrow-down\" aria-hidden=\"true\"><\/i><\/a><\/p>\n\t\t\t\t\t\n\t\t\t\t<\/div>\n\n\n\t\t\t<\/div>\n\n\t\t\t<div class=\"col-md mb-2 mt-md-1 txt-imagebox \">\n\t\t\t\t\n\t\t\t\t\t\t\t\t\t\t<img loading=\"lazy\" decoding=\"async\" width=\"5157\" height=\"3455\" src=\"https:\/\/onezone.ch\/wp-content\/uploads\/2023\/04\/Policen-mit-richtigen-Logos.png\" class=\"img-fluid w-100 txt-img\" alt=\"my policies customer preview onezone app\" srcset=\"https:\/\/onezone.ch\/wp-content\/uploads\/2023\/04\/Policen-mit-richtigen-Logos.png 5157w, https:\/\/onezone.ch\/wp-content\/uploads\/2023\/04\/Policen-mit-richtigen-Logos-600x402.png 600w, https:\/\/onezone.ch\/wp-content\/uploads\/2023\/04\/Policen-mit-richtigen-Logos-1300x871.png 1300w, https:\/\/onezone.ch\/wp-content\/uploads\/2023\/04\/Policen-mit-richtigen-Logos-768x515.png 768w, https:\/\/onezone.ch\/wp-content\/uploads\/2023\/04\/Policen-mit-richtigen-Logos-1536x1029.png 1536w, https:\/\/onezone.ch\/wp-content\/uploads\/2023\/04\/Policen-mit-richtigen-Logos-2048x1372.png 2048w\" sizes=\"(max-width: 5157px) 100vw, 5157px\" \/>\t\t\t\t\t\t\t<\/div>\n\n\t\t<\/div>\n\n\n\t\n\t<\/div>\n<\/section>\n\n\n\n\r\n  \r\n\t<style>\r\n\t\t.link-anker-with-no-padding {padding: 0 !important;}\r\n  <\/style>\r\n\r\n<section id=\"vorteile\" class=\"res-block res-link-anker py-4 Transparent link-anker-with-no-padding\" style=\"background: transparent;\">\r\n  <div class=\"inner-container container-off\" data-aos=\"res-fadeIn\">\r\n\t\r\n\t\t\r\n\t  \r\n\r\n\t<\/div>\r\n<\/section>\n\n\r\n\r\n<section id=\"res-txt-block_d1d5ae7181c063533545f8420cd40c53\" class=\"res-block res-txt alignfull layout01 pt-4 Transparent\" style=\"background: transparent;\">\r\n  <div class=\"inner-container container-fluid\" data-aos=\"res-fadeIn\">\r\n \r\n\t\t  \r\n\t\t \t  \r\n      \r\n      <div class=\"layout-1 txt-section\">\r\n\t\t<div class=\"row\">\t\r\n\t\t\t\r\n\t\t\r\n\t\t\t<div class=\"col-md-10 var-1spalten text-left\">\r\n\t\t\t\t\r\n\t\t\t\t<div class=\"txt-title-field\">\r\n\t\r\n\t\t\t\t\t\r\n\r\n\t\t\t\t  \r\n\t\t\t\t\t<h2>Deine Vorteile auf einen Blick!<\/h2>\r\n\t\t\t\t\r\n\t\t\t\t\t\r\n\t\t\t\t\t \r\n\t\t\t\t\t<\/div> \r\n\t\t\t\t\t\r\n\t\t\t\t\t<div class=\"txt-textfield postContent pt-md-2\">\r\n\t\t\t\t\t\t\t\r\n\t\t\t\t\t<\/div> \r\n\t\t\t\t\t\r\n\t\t\t\t\t <div class=\"txt-textfield-btns pt-2 \">\r\n\t\t\t\t\t\t  \r\n\t\t\t\t\t<\/div> \r\n\t\t\t\t\r\n\t\t\t\t\t\t\r\n\t\r\n\t\t\t\t<\/div>\r\n\r\n\t\t \r\n\t\t\t\r\n\t\t\t\r\n\t\t\t\r\n\r\n\t\t\t\t\t\r\n\t\t <\/div> \t\r\n\t\t<\/div>\r\n\t \r\n\t  \r\n \r\n \r\n\t<\/div>\r\n<\/section>\r\n\r\n\n\n\r\n<section id=\"res-icons-text-block_2ab2142f31577e1d9c44374820eb4358\" class=\"res-block res-icons-text alignfull pb-2 Transparent\" style=\"background: transparent;\">\r\n  <div class=\"inner-container container-fluid\" data-aos=\"res-fadeIn\">\r\n\t  \r\n\t  <style>\r\n\t\t  #res-icons-text-block_2ab2142f31577e1d9c44374820eb4358.res-icons-text .iconbox-bottom { margin-bottom:2%;}\r\n\t\t  #res-icons-text-block_2ab2142f31577e1d9c44374820eb4358.res-icons-text .iconbox-side { margin-right:5%;}\r\n\t\t  #res-icons-text-block_2ab2142f31577e1d9c44374820eb4358.res-icons-text .iconbox { font-size:90%; line-height: 150%;} \r\n\t  <\/style> \r\n\r\n <div class=\"icons-text-layout row row-cols-1 row-cols-md-6 no-gutters\">\r\n\t \r\n     \r\n      <div class=\"col-md iconbox-bottom\"> \r\n\t\t<div class=\"iconbox iconbox-side h-100 flatbox p-0\">\r\n\t\t  \r\n          <div class=\"row row-cols-2\">\r\n\t  \r\n\t\t\t   \t\t\t\t<div class=\"col-2 icons-txt-img pb-3 col-md-6\">\r\n\t\t\t\t\t \r\n\t\t\t\t\t<img decoding=\"async\" src=\"https:\/\/onezone.ch\/wp-content\/uploads\/2022\/07\/icon-schadenmelden.svg\" class=\"img-fluid w-100\" alt=\"icon damage report oneZone\" \/>\r\n\t\t\t\t\t\t\t\t\t<\/div>\r\n\t\t\t   \r\n\t\t\t\t<div class=\"col-10 icons-txt-content col-md-12\">\r\n\t\t\t\t\t<p style=\"text-align: center\"><strong>Policen im \u00dcberblick behalten<\/strong><\/p>\n<p style=\"text-align: center\">Alle Policen am selben Ort &#8211; geordnet, einfach und verst\u00e4ndlich.<\/p>\n\t\t\t\t\r\n\t\t\t\t<\/div>\r\n\t\t\t\t  \r\n\t\t\t<\/div>\r\n\t\t\t\r\n          <\/div>\r\n      <\/div>\r\n\r\n\t  \r\n      \r\n      <div class=\"col-md iconbox-bottom\"> \r\n\t\t<div class=\"iconbox iconbox-side h-100 flatbox p-0\">\r\n\t\t  \r\n          <div class=\"row row-cols-2\">\r\n\t  \r\n\t\t\t   \t\t\t\t<div class=\"col-2 icons-txt-img pb-3 col-md-6\">\r\n\t\t\t\t\t \r\n\t\t\t\t\t<img decoding=\"async\" src=\"https:\/\/onezone.ch\/wp-content\/uploads\/2022\/07\/icon-zusatzversicherung.svg\" class=\"img-fluid w-100\" alt=\"icon Schtuz\" \/>\r\n\t\t\t\t\t\t\t\t\t<\/div>\r\n\t\t\t   \r\n\t\t\t\t<div class=\"col-10 icons-txt-content col-md-12\">\r\n\t\t\t\t\t<p style=\"text-align: center\"><strong>Schaden Meldung in wenigen Sekunden<\/strong><\/p>\n<p style=\"text-align: center\">Police w\u00e4hlen &#8211; kurzer Text dazu &#8211; Foto laden und fertig!<\/p>\n\t\t\t\t\r\n\t\t\t\t<\/div>\r\n\t\t\t\t  \r\n\t\t\t<\/div>\r\n\t\t\t\r\n          <\/div>\r\n      <\/div>\r\n\r\n\t  \r\n      \r\n      <div class=\"col-md iconbox-bottom\"> \r\n\t\t<div class=\"iconbox iconbox-side h-100 flatbox p-0\">\r\n\t\t  \r\n          <div class=\"row row-cols-2\">\r\n\t  \r\n\t\t\t   \t\t\t\t<div class=\"col-2 icons-txt-img pb-3 col-md-6\">\r\n\t\t\t\t\t \r\n\t\t\t\t\t<img decoding=\"async\" src=\"https:\/\/onezone.ch\/wp-content\/uploads\/2022\/07\/icon-alternativmedizin.svg\" class=\"img-fluid w-100\" alt=\"\" \/>\r\n\t\t\t\t\t\t\t\t\t<\/div>\r\n\t\t\t   \r\n\t\t\t\t<div class=\"col-10 icons-txt-content col-md-12\">\r\n\t\t\t\t\t<p style=\"text-align: center\"><strong>Du brauchst eine neue Versicherung?<\/strong><\/p>\n<p style=\"text-align: center\">Einfach und schnell eine neue Offerte rechnen, vergleichen und wenn&#8217;s passt gleich abschliessen!<\/p>\n<p>&nbsp;<\/p>\n\t\t\t\t\r\n\t\t\t\t<\/div>\r\n\t\t\t\t  \r\n\t\t\t<\/div>\r\n\t\t\t\r\n          <\/div>\r\n      <\/div>\r\n\r\n\t  \r\n      \r\n      <div class=\"col-md iconbox-bottom\"> \r\n\t\t<div class=\"iconbox iconbox-side h-100 flatbox p-0\">\r\n\t\t  \r\n          <div class=\"row row-cols-2\">\r\n\t  \r\n\t\t\t   \t\t\t\t<div class=\"col-2 icons-txt-img pb-3 col-md-6\">\r\n\t\t\t\t\t \r\n\t\t\t\t\t<img decoding=\"async\" src=\"https:\/\/onezone.ch\/wp-content\/uploads\/2023\/05\/icon-Familie-transparent.png\" class=\"img-fluid w-100\" alt=\"icon Familie \" \/>\r\n\t\t\t\t\t\t\t\t\t<\/div>\r\n\t\t\t   \r\n\t\t\t\t<div class=\"col-10 icons-txt-content col-md-12\">\r\n\t\t\t\t\t<p style=\"text-align: center\"><strong>Ganze Familie in einer App verwalten<\/strong><\/p>\n<p style=\"text-align: center\">In deinem Login kannst du die Policen deiner ganzen Familie verwalten<\/p>\n\t\t\t\t\r\n\t\t\t\t<\/div>\r\n\t\t\t\t  \r\n\t\t\t<\/div>\r\n\t\t\t\r\n          <\/div>\r\n      <\/div>\r\n\r\n\t  \r\n      \r\n      <div class=\"col-md iconbox-bottom\"> \r\n\t\t<div class=\"iconbox iconbox-side h-100 flatbox p-0\">\r\n\t\t  \r\n          <div class=\"row row-cols-2\">\r\n\t  \r\n\t\t\t   \t\t\t\t<div class=\"col-2 icons-txt-img pb-3 col-md-6\">\r\n\t\t\t\t\t \r\n\t\t\t\t\t<img decoding=\"async\" src=\"https:\/\/onezone.ch\/wp-content\/uploads\/2022\/07\/icon-berater.svg\" class=\"img-fluid w-100\" alt=\"icon consultant oneZone\" \/>\r\n\t\t\t\t\t\t\t\t\t<\/div>\r\n\t\t\t   \r\n\t\t\t\t<div class=\"col-10 icons-txt-content col-md-12\">\r\n\t\t\t\t\t<p style=\"text-align: center\"><strong>Beratung und Hilfe auf Mass<\/strong><\/p>\n<p style=\"text-align: center\">Wir geben dir die Unterst\u00fctzung, wie du sie m\u00f6chtest: via Chat, via Telefon, via Meeting oder pers\u00f6nlich.<\/p>\n\t\t\t\t\r\n\t\t\t\t<\/div>\r\n\t\t\t\t  \r\n\t\t\t<\/div>\r\n\t\t\t\r\n          <\/div>\r\n      <\/div>\r\n\r\n\t  \r\n      \r\n      <div class=\"col-md iconbox-bottom\"> \r\n\t\t<div class=\"iconbox iconbox-side h-100 flatbox p-0\">\r\n\t\t  \r\n          <div class=\"row row-cols-2\">\r\n\t  \r\n\t\t\t   \t\t\t\t<div class=\"col-2 icons-txt-img pb-3 col-md-6\">\r\n\t\t\t\t\t \r\n\t\t\t\t\t<img decoding=\"async\" src=\"https:\/\/onezone.ch\/wp-content\/uploads\/2022\/07\/icon-mietkaution.svg\" class=\"img-fluid w-100\" alt=\"\" \/>\r\n\t\t\t\t\t\t\t\t\t<\/div>\r\n\t\t\t   \r\n\t\t\t\t<div class=\"col-10 icons-txt-content col-md-12\">\r\n\t\t\t\t\t<p style=\"text-align: center\"><strong>Profitiere von unserem Brokerrabatt<\/strong><\/p>\n<p style=\"text-align: center\">Wo immer m\u00f6glich, profitierst du von unseren Kollektivrabatten.<\/p>\n\t\t\t\t\r\n\t\t\t\t<\/div>\r\n\t\t\t\t  \r\n\t\t\t<\/div>\r\n\t\t\t\r\n          <\/div>\r\n      <\/div>\r\n\r\n\t  \r\n               <\/div>  \r\n\t  \r\n\t  \r\n\t<\/div>\r\n<\/section>\r\n\r\n","protected":false},"excerpt":{"rendered":"","protected":false},"author":2,"featured_media":0,"parent":0,"menu_order":0,"comment_status":"closed","ping_status":"closed","template":"","meta":{"_acf_changed":false,"footnotes":""},"class_list":["post-16704","page","type-page","status-publish","hentry"],"acf":[],"yoast_head":"<!-- This site is optimized with the Yoast SEO Premium plugin v23.6 (Yoast SEO v27.1.1) - https:\/\/yoast.com\/product\/yoast-seo-premium-wordpress\/ -->\n<title>App download - Versicherungs app - digitaler Versicherungsbroker Schweiz<\/title>\n<meta name=\"robots\" content=\"index, follow, max-snippet:-1, max-image-preview:large, max-video-preview:-1\" \/>\n<link rel=\"canonical\" href=\"https:\/\/onezone.ch\/en\/app-download\/\" \/>\n<meta property=\"og:locale\" content=\"en_US\" \/>\n<meta property=\"og:type\" content=\"article\" \/>\n<meta property=\"og:title\" content=\"App download\" \/>\n<meta property=\"og:url\" content=\"https:\/\/onezone.ch\/en\/app-download\/\" \/>\n<meta property=\"og:site_name\" content=\"Versicherungs app - digitaler Versicherungsbroker Schweiz\" \/>\n<meta property=\"article:publisher\" content=\"https:\/\/www.facebook.com\/onezone.ch\/\" \/>\n<meta property=\"article:modified_time\" content=\"2024-04-23T12:54:13+00:00\" \/>\n<meta property=\"og:image\" content=\"https:\/\/onezone.ch\/wp-content\/uploads\/2022\/09\/fb-bild-oneZone.png\" \/>\n\t<meta property=\"og:image:width\" content=\"1640\" \/>\n\t<meta property=\"og:image:height\" content=\"924\" \/>\n\t<meta property=\"og:image:type\" content=\"image\/png\" \/>\n<meta name=\"twitter:card\" content=\"summary_large_image\" \/>\n<script type=\"application\/ld+json\" class=\"yoast-schema-graph\">{\"@context\":\"https:\/\/schema.org\",\"@graph\":[{\"@type\":\"WebPage\",\"@id\":\"https:\/\/onezone.ch\/en\/app-download\/\",\"url\":\"https:\/\/onezone.ch\/en\/app-download\/\",\"name\":\"App download - Versicherungs app - digitaler Versicherungsbroker Schweiz\",\"isPartOf\":{\"@id\":\"https:\/\/onezone.ch\/en\/#website\"},\"datePublished\":\"2024-04-23T12:00:03+00:00\",\"dateModified\":\"2024-04-23T12:54:13+00:00\",\"breadcrumb\":{\"@id\":\"https:\/\/onezone.ch\/en\/app-download\/#breadcrumb\"},\"inLanguage\":\"en-US\",\"potentialAction\":[{\"@type\":\"ReadAction\",\"target\":[\"https:\/\/onezone.ch\/en\/app-download\/\"]}]},{\"@type\":\"BreadcrumbList\",\"@id\":\"https:\/\/onezone.ch\/en\/app-download\/#breadcrumb\",\"itemListElement\":[{\"@type\":\"ListItem\",\"position\":1,\"name\":\"Home\",\"item\":\"https:\/\/onezone.ch\/en\/\"},{\"@type\":\"ListItem\",\"position\":2,\"name\":\"App download\"}]},{\"@type\":\"WebSite\",\"@id\":\"https:\/\/onezone.ch\/en\/#website\",\"url\":\"https:\/\/onezone.ch\/en\/\",\"name\":\"Versicherungs app - Versicherungsbroker Schweiz\",\"description\":\"versicherungs app, digitaler versicherungsmakler schweiz, autoversicherung, lebensversicherung, s\u00e4ule 3a, rechtsschutzversicherung, krankenkasse, reiseversicherung, mietkautionsversicherung, tierversicherung, hausratversicherung, privathaftpflicht versicherung, versicherungsbroker\",\"publisher\":{\"@id\":\"https:\/\/onezone.ch\/en\/#organization\"},\"potentialAction\":[{\"@type\":\"SearchAction\",\"target\":{\"@type\":\"EntryPoint\",\"urlTemplate\":\"https:\/\/onezone.ch\/en\/?s={search_term_string}\"},\"query-input\":{\"@type\":\"PropertyValueSpecification\",\"valueRequired\":true,\"valueName\":\"search_term_string\"}}],\"inLanguage\":\"en-US\"},{\"@type\":\"Organization\",\"@id\":\"https:\/\/onezone.ch\/en\/#organization\",\"name\":\"oneZone Versicherung Schweiz\",\"url\":\"https:\/\/onezone.ch\/en\/\",\"logo\":{\"@type\":\"ImageObject\",\"inLanguage\":\"en-US\",\"@id\":\"https:\/\/onezone.ch\/en\/#\/schema\/logo\/image\/\",\"url\":\"https:\/\/onezone.ch\/wp-content\/uploads\/2022\/07\/onezone-logo-pos-RGB.svg\",\"contentUrl\":\"https:\/\/onezone.ch\/wp-content\/uploads\/2022\/07\/onezone-logo-pos-RGB.svg\",\"width\":1,\"height\":1,\"caption\":\"oneZone Versicherung Schweiz\"},\"image\":{\"@id\":\"https:\/\/onezone.ch\/en\/#\/schema\/logo\/image\/\"},\"sameAs\":[\"https:\/\/www.facebook.com\/onezone.ch\/\",\"https:\/\/www.instagram.com\/oneZone.ch\/\",\"https:\/\/www.youtube.com\/channel\/UCkADqFvOChofZlL-UkA85mg\/featured\"]}]}<\/script>\n<!-- \/ Yoast SEO Premium plugin. -->","yoast_head_json":{"title":"App download - Versicherungs app - digitaler Versicherungsbroker Schweiz","robots":{"index":"index","follow":"follow","max-snippet":"max-snippet:-1","max-image-preview":"max-image-preview:large","max-video-preview":"max-video-preview:-1"},"canonical":"https:\/\/onezone.ch\/en\/app-download\/","og_locale":"en_US","og_type":"article","og_title":"App download","og_url":"https:\/\/onezone.ch\/en\/app-download\/","og_site_name":"Versicherungs app - digitaler Versicherungsbroker Schweiz","article_publisher":"https:\/\/www.facebook.com\/onezone.ch\/","article_modified_time":"2024-04-23T12:54:13+00:00","og_image":[{"width":1640,"height":924,"url":"https:\/\/onezone.ch\/wp-content\/uploads\/2022\/09\/fb-bild-oneZone.png","type":"image\/png"}],"twitter_card":"summary_large_image","schema":{"@context":"https:\/\/schema.org","@graph":[{"@type":"WebPage","@id":"https:\/\/onezone.ch\/en\/app-download\/","url":"https:\/\/onezone.ch\/en\/app-download\/","name":"App download - Versicherungs app - digitaler Versicherungsbroker Schweiz","isPartOf":{"@id":"https:\/\/onezone.ch\/en\/#website"},"datePublished":"2024-04-23T12:00:03+00:00","dateModified":"2024-04-23T12:54:13+00:00","breadcrumb":{"@id":"https:\/\/onezone.ch\/en\/app-download\/#breadcrumb"},"inLanguage":"en-US","potentialAction":[{"@type":"ReadAction","target":["https:\/\/onezone.ch\/en\/app-download\/"]}]},{"@type":"BreadcrumbList","@id":"https:\/\/onezone.ch\/en\/app-download\/#breadcrumb","itemListElement":[{"@type":"ListItem","position":1,"name":"Home","item":"https:\/\/onezone.ch\/en\/"},{"@type":"ListItem","position":2,"name":"App download"}]},{"@type":"WebSite","@id":"https:\/\/onezone.ch\/en\/#website","url":"https:\/\/onezone.ch\/en\/","name":"Versicherungs app - Versicherungsbroker Schweiz","description":"versicherungs app, digitaler versicherungsmakler schweiz, autoversicherung, lebensversicherung, s\u00e4ule 3a, rechtsschutzversicherung, krankenkasse, reiseversicherung, mietkautionsversicherung, tierversicherung, hausratversicherung, privathaftpflicht versicherung, versicherungsbroker","publisher":{"@id":"https:\/\/onezone.ch\/en\/#organization"},"potentialAction":[{"@type":"SearchAction","target":{"@type":"EntryPoint","urlTemplate":"https:\/\/onezone.ch\/en\/?s={search_term_string}"},"query-input":{"@type":"PropertyValueSpecification","valueRequired":true,"valueName":"search_term_string"}}],"inLanguage":"en-US"},{"@type":"Organization","@id":"https:\/\/onezone.ch\/en\/#organization","name":"oneZone Versicherung Schweiz","url":"https:\/\/onezone.ch\/en\/","logo":{"@type":"ImageObject","inLanguage":"en-US","@id":"https:\/\/onezone.ch\/en\/#\/schema\/logo\/image\/","url":"https:\/\/onezone.ch\/wp-content\/uploads\/2022\/07\/onezone-logo-pos-RGB.svg","contentUrl":"https:\/\/onezone.ch\/wp-content\/uploads\/2022\/07\/onezone-logo-pos-RGB.svg","width":1,"height":1,"caption":"oneZone Versicherung Schweiz"},"image":{"@id":"https:\/\/onezone.ch\/en\/#\/schema\/logo\/image\/"},"sameAs":["https:\/\/www.facebook.com\/onezone.ch\/","https:\/\/www.instagram.com\/oneZone.ch\/","https:\/\/www.youtube.com\/channel\/UCkADqFvOChofZlL-UkA85mg\/featured"]}]}},"_links":{"self":[{"href":"https:\/\/onezone.ch\/en\/wp-json\/wp\/v2\/pages\/16704","targetHints":{"allow":["GET"]}}],"collection":[{"href":"https:\/\/onezone.ch\/en\/wp-json\/wp\/v2\/pages"}],"about":[{"href":"https:\/\/onezone.ch\/en\/wp-json\/wp\/v2\/types\/page"}],"author":[{"embeddable":true,"href":"https:\/\/onezone.ch\/en\/wp-json\/wp\/v2\/users\/2"}],"replies":[{"embeddable":true,"href":"https:\/\/onezone.ch\/en\/wp-json\/wp\/v2\/comments?post=16704"}],"version-history":[{"count":12,"href":"https:\/\/onezone.ch\/en\/wp-json\/wp\/v2\/pages\/16704\/revisions"}],"predecessor-version":[{"id":16726,"href":"https:\/\/onezone.ch\/en\/wp-json\/wp\/v2\/pages\/16704\/revisions\/16726"}],"wp:attachment":[{"href":"https:\/\/onezone.ch\/en\/wp-json\/wp\/v2\/media?parent=16704"}],"curies":[{"name":"wp","href":"https:\/\/api.w.org\/{rel}","templated":true}]}}