{"id":14755,"date":"2023-08-10T16:00:38","date_gmt":"2023-08-10T14:00:38","guid":{"rendered":"https:\/\/onezone.ch\/patrimoine-numerique-suisse\/"},"modified":"2023-08-10T16:50:43","modified_gmt":"2023-08-10T14:50:43","slug":"patrimoine-numerique-suisse","status":"publish","type":"page","link":"https:\/\/onezone.ch\/fr\/patrimoine-numerique-suisse\/","title":{"rendered":"Patrimoine num\u00e9rique suisse"},"content":{"rendered":"\n<p><\/p>\n\n\n<section id=\"res-header-image-block_921530c009df768caf52ed770dcf10fa\" class=\"res-block res-header-image alignfull \">\n  <div class=\"res-header-img-outside mb-5\" data-aos=\"res-fadeIn\">\n\t<div class=\"res-header-height\">\n\t\t\n\t\n\t  <style> \n\t\t  @media only screen and (min-width: 970px) {\n\t\t\t #res-header-image-block_921530c009df768caf52ed770dcf10fa.res-header-image .layout-1.header-img-height { height: 66vh;}  \n\t\t\t #res-header-image-block_921530c009df768caf52ed770dcf10fa.res-header-image .layout-1 .res-header-image-vertical-center { top: 66%;} \n\t\t\t  \t\t\t  \n\t\t\t  \n\t\t  }\n\t\t  @media only screen and (max-width: 970px) {  \n\t\t\t#res-header-image-block_921530c009df768caf52ed770dcf10fa.res-header-image .layout-1.header-img-height { height: 55vh;} \n\t\t\t  \n\t\t\t  \n\t\t\t    #res-header-image-block_921530c009df768caf52ed770dcf10fa.res-header-image .layout-1 .res-header-image-vertical-center { top: 55%;}\t\t\t  \t\t  }\n\t\t  \t  <\/style> \n\t\t\n\t  <div class=\"layout-1 jarallax header-img-height\" data-speed=\"0.6\" style=\"couleur de fond : #000;\">\n\t\t  \n\t\t\t\t<div class=\"res-header-image-vertical-center\">\n\t\t\t\t\t<div class=\"container-fluid\">\n\t\t\t\t\t\t\n\t\t\t\t\t\t<div class=\"sloganBox\">\n                           <div class=\"row\">\n                             <div class=\"col col-md-8 text-left\">\n\t\t\t\t\t\t\t\t <div class=\"\" data-aos=\"res-leftIncoming\" (en anglais)>\n\t\t\t\t\t\t\t\t \n                                \t\n\t\t\t\t\t\t\t\t \n                                  \n\t\t\t\t\t\t\t\t \t<h2>Patrimoine num\u00e9rique suisse<\/h2>\n                                \t\t\t\t\t\t\t\t \n                                \t\n\t\t\t\t\t\t\t\t \n\t\t\t\t\t\t\t\t\t\n\n\t\t\t\t\t\t\t\t \t\t\t\t\t\t\t\t \n\t\t\t\t\t\t\t\t\t<\/div>\n\t\t\t\t                 <\/div>\n\t\t\t\t\t\t\t<\/div>\n\t\t\t\t\t\t<\/div>\n\n\t\t\t\t\t<\/div>\n\t\t\t\t<\/div>\n\t\t\t\t\n\t\t\t\t\t\t<img decoding=\"async\" class=\"jarallax-img img-fluid\" src=\"https:\/\/onezone.ch\/wp-content\/uploads\/2022\/07\/coder1_2048px-1920x1080.webp\" alt=\"\"  style=\"opacity: 0.9;\" \/>\n\t\t    \t\t  \n\t\t\t \n\t\t\t  <div class=\"header-arrow\"><a class=\"scrollerTo\" href=\"#content\"><i class=\"fal fa-chevron-down\" aria-hidden=\"true\"><\/i><\/a> <\/div>\n\t\t\t\t\t  \n\t\t   <\/div>\n\t\t\t \n\t \n\n\n\t\t<\/div>\n\t<\/div>\n<\/section>\t\r\n  \r\n\t<style>\r\n\t\t.link-anker-with-no-padding {padding: 0 !important;}\r\n  <\/style>\r\n\r\n<section id=\"contenu\" class=\"res-block res-link-anker py-4  link-anker-with-no-padding\" style=\"background : transparent;\">\r\n  <div class=\"inner-container container-off\" data-aos=\"res-fadeIn\">\r\n\t\r\n\t\t\r\n\t  \r\n\r\n\t<\/div>\r\n<\/section>\r\n\r\n<section id=\"res-txt-block_ac8b4567a6be55049a87407cd3e8ffcd\" class=\"res-block res-txt alignfull layout01 py-2 \" style=\"background : transparent;\">\r\n  <div class=\"inner-container container-fluid\" data-aos=\"res-fadeIn\">\r\n \r\n\t\t  \r\n\t\t \t  \r\n      \r\n      <div class=\"layout-1 txt-section\">\r\n\t\t<div class=\"row\">\t\r\n\t\t\t\r\n\t\t \r\n\t\t\t\r\n\t\t\t\r\n\t\t\t\r\n\r\n\t\t\t\t\t\r\n\t\t <\/div> \t\r\n\t\t<\/div>\r\n\t \r\n\t  \r\n \r\n \r\n\t<\/div>\r\n<\/section>\r\n\r\n\r\n  \r\n\t<style>\r\n\t\t.link-anker-with-no-padding {padding: 0 !important;}\r\n  <\/style>\r\n\r\n<section id=\"contenu1\" class=\"res-block res-link-anker py-4  link-anker-with-no-padding\" style=\"background : transparent;\">\r\n  <div class=\"inner-container container-off\" data-aos=\"res-fadeIn\">\r\n\t\r\n\t\t\r\n\t  \r\n\r\n\t<\/div>\r\n<\/section>\r\n\r\n<section id=\"res-txt-block_c0b57488bea4a8d092708efcded9508f\" class=\"res-block res-txt alignfull layout01 py-2 \" style=\"couleur de fond : #eeeff6;\">\r\n  <div class=\"inner-container container-fluid\" data-aos=\"res-fadeIn\">\r\n \r\n\t\t  \r\n\t\t \t  \r\n      \r\n      <div class=\"layout-1 txt-section\">\r\n\t\t<div class=\"row\">\t\r\n\t\t\t\r\n\t\t \r\n\t\t\t\r\n\t\t\t\r\n\t\t\t\r\n\r\n\t\t\t\t\t\r\n\t\t <\/div> \t\r\n\t\t<\/div>\r\n\t \r\n\t  \r\n \r\n \r\n\t<\/div>\r\n<\/section>\r\n\r\n\r\n  \r\n\t<style>\r\n\t\t.link-anker-with-no-padding {padding: 0 !important;}\r\n  <\/style>\r\n\r\n<section id=\"contenu2\" class=\"res-block res-link-anker py-4  link-anker-with-no-padding\" style=\"background : transparent;\">\r\n  <div class=\"inner-container container-off\" data-aos=\"res-fadeIn\">\r\n\t\r\n\t\t\r\n\t  \r\n\r\n\t<\/div>\r\n<\/section>\r\n\r\n<section id=\"res-txt-block_9bdf557e5a2f93d52d6b626c820cd755\" class=\"res-block res-txt alignfull layout01 py-2 \" style=\"background : transparent;\">\r\n  <div class=\"inner-container container-fluid\" data-aos=\"res-fadeIn\">\r\n \r\n\t\t  \r\n\t\t \t  \r\n      \r\n      <div class=\"layout-1 txt-section\">\r\n\t\t<div class=\"row\">\t\r\n\t\t\t\r\n\t\t \r\n\t\t\t\r\n\t\t\t\r\n\t\t\t\r\n\r\n\t\t\t\t\t\r\n\t\t <\/div> \t\r\n\t\t<\/div>\r\n\t \r\n\t  \r\n \r\n \r\n\t<\/div>\r\n<\/section>\r\n\r\n\r\n  \r\n\t<style>\r\n\t\t.link-anker-with-no-padding {padding: 0 !important;}\r\n  <\/style>\r\n\r\n<section id=\"contenu3\" class=\"res-block res-link-anker py-4  link-anker-with-no-padding\" style=\"background : transparent;\">\r\n  <div class=\"inner-container container-off\" data-aos=\"res-fadeIn\">\r\n\t\r\n\t\t\r\n\t  \r\n\r\n\t<\/div>\r\n<\/section>\r\n\r\n<section id=\"res-txt-block_d22ead1d97912b15e66ae128d2fee17c\" class=\"res-block res-txt alignfull layout01 py-2 \" style=\"couleur de fond : #eeeff6;\">\r\n  <div class=\"inner-container container-fluid\" data-aos=\"res-fadeIn\">\r\n \r\n\t\t  \r\n\t\t \t  \r\n      \r\n      <div class=\"layout-1 txt-section\">\r\n\t\t<div class=\"row\">\t\r\n\t\t\t\r\n\t\t \r\n\t\t\t\r\n\t\t\t\r\n\t\t\t\r\n\r\n\t\t\t\t\t\r\n\t\t <\/div> \t\r\n\t\t<\/div>\r\n\t \r\n\t  \r\n \r\n \r\n\t<\/div>\r\n<\/section>\r\n\r\n\r\n  \r\n\t<style>\r\n\t\t.link-anker-with-no-padding {padding: 0 !important;}\r\n  <\/style>\r\n\r\n<section id=\"contenu4\" class=\"res-block res-link-anker py-4  link-anker-with-no-padding\" style=\"background : transparent;\">\r\n  <div class=\"inner-container container-off\" data-aos=\"res-fadeIn\">\r\n\t\r\n\t\t\r\n\t  \r\n\r\n\t<\/div>\r\n<\/section>\r\n\r\n<section id=\"res-txt-block_d181b62ed1bae7cc280b3e970645f79a\" class=\"res-block res-txt alignfull layout01 py-2 \" style=\"background : transparent;\">\r\n  <div class=\"inner-container container-fluid\" data-aos=\"res-fadeIn\">\r\n \r\n\t\t  \r\n\t\t \t  \r\n      \r\n      <div class=\"layout-1 txt-section\">\r\n\t\t<div class=\"row\">\t\r\n\t\t\t\r\n\t\t \r\n\t\t\t\r\n\t\t\t\r\n\t\t\t\r\n\r\n\t\t\t\t\t\r\n\t\t <\/div> \t\r\n\t\t<\/div>\r\n\t \r\n\t  \r\n \r\n \r\n\t<\/div>\r\n<\/section>\r\n\r\n\r\n  \r\n\t<style>\r\n\t\t.link-anker-with-no-padding {padding: 0 !important;}\r\n  <\/style>\r\n\r\n<section id=\"content5\" class=\"res-block res-link-anker py-4  link-anker-with-no-padding\" style=\"background : transparent;\">\r\n  <div class=\"inner-container container-off\" data-aos=\"res-fadeIn\">\r\n\t\r\n\t\t\r\n\t  \r\n\r\n\t<\/div>\r\n<\/section>\r\n\r\n<section id=\"res-txt-block_813a6c5ed8c3b8c98438dbc26a3ffc22\" class=\"res-block res-txt alignfull layout01 py-2 \" style=\"background : transparent;\">\r\n  <div class=\"inner-container container-fluid\" data-aos=\"res-fadeIn\">\r\n \r\n\t\t  \r\n\t\t \t  \r\n      \r\n      <div class=\"layout-1 txt-section\">\r\n\t\t<div class=\"row\">\t\r\n\t\t\t\r\n\t\t \r\n\t\t\t\r\n\t\t\t\r\n\t\t\t\r\n\r\n\t\t\t\t\t\r\n\t\t <\/div> \t\r\n\t\t<\/div>\r\n\t \r\n\t  \r\n \r\n \r\n\t<\/div>\r\n<\/section>\r\n\r\n","protected":false},"excerpt":{"rendered":"","protected":false},"author":2,"featured_media":0,"parent":0,"menu_order":0,"comment_status":"closed","ping_status":"closed","template":"","meta":{"_acf_changed":false,"footnotes":""},"class_list":["post-14755","page","type-page","status-publish","hentry"],"acf":[],"yoast_head":"<!-- This site is optimized with the Yoast SEO Premium plugin v23.6 (Yoast SEO v27.1.1) - https:\/\/yoast.com\/product\/yoast-seo-premium-wordpress\/ -->\n<title>Patrimoine num\u00e9rique suisse<\/title>\n<meta name=\"description\" content=\"Les informations les plus importantes sur le th\u00e8me important : le temps num\u00e9rique et l&#039;h\u00e9ritage num\u00e9rique. Qu&#039;est-ce que c&#039;est et que faut-il faire ? En savoir plus maintenant\" \/>\n<meta name=\"robots\" content=\"index, follow, max-snippet:-1, max-image-preview:large, max-video-preview:-1\" \/>\n<link rel=\"canonical\" href=\"https:\/\/onezone.ch\/fr\/patrimoine-numerique-suisse\/\" \/>\n<meta property=\"og:locale\" content=\"fr_FR\" \/>\n<meta property=\"og:type\" content=\"article\" \/>\n<meta property=\"og:title\" content=\"Patrimoine num\u00e9rique suisse\" \/>\n<meta property=\"og:description\" content=\"Les informations les plus importantes sur le th\u00e8me important : le temps num\u00e9rique et l&#039;h\u00e9ritage num\u00e9rique. Qu&#039;est-ce que c&#039;est et que faut-il faire ? En savoir plus maintenant\" \/>\n<meta property=\"og:url\" content=\"https:\/\/onezone.ch\/fr\/patrimoine-numerique-suisse\/\" \/>\n<meta property=\"og:site_name\" content=\"Versicherungs app - digitaler Versicherungsbroker Schweiz\" \/>\n<meta property=\"article:publisher\" content=\"https:\/\/www.facebook.com\/onezone.ch\/\" \/>\n<meta property=\"article:modified_time\" content=\"2023-08-10T14:50:43+00:00\" \/>\n<meta property=\"og:image\" content=\"https:\/\/onezone.ch\/wp-content\/uploads\/2022\/09\/fb-bild-oneZone.png\" \/>\n\t<meta property=\"og:image:width\" content=\"1640\" \/>\n\t<meta property=\"og:image:height\" content=\"924\" \/>\n\t<meta property=\"og:image:type\" content=\"image\/png\" \/>\n<meta name=\"twitter:card\" content=\"summary_large_image\" \/>\n<script type=\"application\/ld+json\" class=\"yoast-schema-graph\">{\"@context\":\"https:\/\/schema.org\",\"@graph\":[{\"@type\":\"WebPage\",\"@id\":\"https:\/\/onezone.ch\/fr\/patrimoine-numerique-suisse\/\",\"url\":\"https:\/\/onezone.ch\/fr\/patrimoine-numerique-suisse\/\",\"name\":\"Patrimoine num\u00e9rique suisse\",\"isPartOf\":{\"@id\":\"https:\/\/onezone.ch\/fr\/#website\"},\"datePublished\":\"2023-08-10T14:00:38+00:00\",\"dateModified\":\"2023-08-10T14:50:43+00:00\",\"description\":\"Les informations les plus importantes sur le th\u00e8me important : le temps num\u00e9rique et l'h\u00e9ritage num\u00e9rique. Qu'est-ce que c'est et que faut-il faire ? En savoir plus maintenant\",\"breadcrumb\":{\"@id\":\"https:\/\/onezone.ch\/fr\/patrimoine-numerique-suisse\/#breadcrumb\"},\"inLanguage\":\"fr-FR\",\"potentialAction\":[{\"@type\":\"ReadAction\",\"target\":[\"https:\/\/onezone.ch\/fr\/patrimoine-numerique-suisse\/\"]}]},{\"@type\":\"BreadcrumbList\",\"@id\":\"https:\/\/onezone.ch\/fr\/patrimoine-numerique-suisse\/#breadcrumb\",\"itemListElement\":[{\"@type\":\"ListItem\",\"position\":1,\"name\":\"Home\",\"item\":\"https:\/\/onezone.ch\/fr\/\"},{\"@type\":\"ListItem\",\"position\":2,\"name\":\"Patrimoine num\u00e9rique suisse\"}]},{\"@type\":\"WebSite\",\"@id\":\"https:\/\/onezone.ch\/fr\/#website\",\"url\":\"https:\/\/onezone.ch\/fr\/\",\"name\":\"Versicherungs app - Versicherungsbroker Schweiz\",\"description\":\"versicherungs app, digitaler versicherungsmakler schweiz, autoversicherung, lebensversicherung, s\u00e4ule 3a, rechtsschutzversicherung, krankenkasse, reiseversicherung, mietkautionsversicherung, tierversicherung, hausratversicherung, privathaftpflicht versicherung, versicherungsbroker\",\"publisher\":{\"@id\":\"https:\/\/onezone.ch\/fr\/#organization\"},\"potentialAction\":[{\"@type\":\"SearchAction\",\"target\":{\"@type\":\"EntryPoint\",\"urlTemplate\":\"https:\/\/onezone.ch\/fr\/?s={search_term_string}\"},\"query-input\":{\"@type\":\"PropertyValueSpecification\",\"valueRequired\":true,\"valueName\":\"search_term_string\"}}],\"inLanguage\":\"fr-FR\"},{\"@type\":\"Organization\",\"@id\":\"https:\/\/onezone.ch\/fr\/#organization\",\"name\":\"oneZone Versicherung Schweiz\",\"url\":\"https:\/\/onezone.ch\/fr\/\",\"logo\":{\"@type\":\"ImageObject\",\"inLanguage\":\"fr-FR\",\"@id\":\"https:\/\/onezone.ch\/fr\/#\/schema\/logo\/image\/\",\"url\":\"https:\/\/onezone.ch\/wp-content\/uploads\/2022\/07\/onezone-logo-pos-RGB.svg\",\"contentUrl\":\"https:\/\/onezone.ch\/wp-content\/uploads\/2022\/07\/onezone-logo-pos-RGB.svg\",\"width\":1,\"height\":1,\"caption\":\"oneZone Versicherung Schweiz\"},\"image\":{\"@id\":\"https:\/\/onezone.ch\/fr\/#\/schema\/logo\/image\/\"},\"sameAs\":[\"https:\/\/www.facebook.com\/onezone.ch\/\",\"https:\/\/www.instagram.com\/oneZone.ch\/\",\"https:\/\/www.youtube.com\/channel\/UCkADqFvOChofZlL-UkA85mg\/featured\"]}]}<\/script>\n<!-- \/ Yoast SEO Premium plugin. -->","yoast_head_json":{"title":"Patrimoine num\u00e9rique suisse","description":"Les informations les plus importantes sur le th\u00e8me important : le temps num\u00e9rique et l'h\u00e9ritage num\u00e9rique. Qu'est-ce que c'est et que faut-il faire ? En savoir plus maintenant","robots":{"index":"index","follow":"follow","max-snippet":"max-snippet:-1","max-image-preview":"max-image-preview:large","max-video-preview":"max-video-preview:-1"},"canonical":"https:\/\/onezone.ch\/fr\/patrimoine-numerique-suisse\/","og_locale":"fr_FR","og_type":"article","og_title":"Patrimoine num\u00e9rique suisse","og_description":"Les informations les plus importantes sur le th\u00e8me important : le temps num\u00e9rique et l'h\u00e9ritage num\u00e9rique. Qu'est-ce que c'est et que faut-il faire ? En savoir plus maintenant","og_url":"https:\/\/onezone.ch\/fr\/patrimoine-numerique-suisse\/","og_site_name":"Versicherungs app - digitaler Versicherungsbroker Schweiz","article_publisher":"https:\/\/www.facebook.com\/onezone.ch\/","article_modified_time":"2023-08-10T14:50:43+00:00","og_image":[{"width":1640,"height":924,"url":"https:\/\/onezone.ch\/wp-content\/uploads\/2022\/09\/fb-bild-oneZone.png","type":"image\/png"}],"twitter_card":"summary_large_image","schema":{"@context":"https:\/\/schema.org","@graph":[{"@type":"WebPage","@id":"https:\/\/onezone.ch\/fr\/patrimoine-numerique-suisse\/","url":"https:\/\/onezone.ch\/fr\/patrimoine-numerique-suisse\/","name":"Patrimoine num\u00e9rique suisse","isPartOf":{"@id":"https:\/\/onezone.ch\/fr\/#website"},"datePublished":"2023-08-10T14:00:38+00:00","dateModified":"2023-08-10T14:50:43+00:00","description":"Les informations les plus importantes sur le th\u00e8me important : le temps num\u00e9rique et l'h\u00e9ritage num\u00e9rique. Qu'est-ce que c'est et que faut-il faire ? En savoir plus maintenant","breadcrumb":{"@id":"https:\/\/onezone.ch\/fr\/patrimoine-numerique-suisse\/#breadcrumb"},"inLanguage":"fr-FR","potentialAction":[{"@type":"ReadAction","target":["https:\/\/onezone.ch\/fr\/patrimoine-numerique-suisse\/"]}]},{"@type":"BreadcrumbList","@id":"https:\/\/onezone.ch\/fr\/patrimoine-numerique-suisse\/#breadcrumb","itemListElement":[{"@type":"ListItem","position":1,"name":"Home","item":"https:\/\/onezone.ch\/fr\/"},{"@type":"ListItem","position":2,"name":"Patrimoine num\u00e9rique suisse"}]},{"@type":"WebSite","@id":"https:\/\/onezone.ch\/fr\/#website","url":"https:\/\/onezone.ch\/fr\/","name":"Versicherungs app - Versicherungsbroker Schweiz","description":"versicherungs app, digitaler versicherungsmakler schweiz, autoversicherung, lebensversicherung, s\u00e4ule 3a, rechtsschutzversicherung, krankenkasse, reiseversicherung, mietkautionsversicherung, tierversicherung, hausratversicherung, privathaftpflicht versicherung, versicherungsbroker","publisher":{"@id":"https:\/\/onezone.ch\/fr\/#organization"},"potentialAction":[{"@type":"SearchAction","target":{"@type":"EntryPoint","urlTemplate":"https:\/\/onezone.ch\/fr\/?s={search_term_string}"},"query-input":{"@type":"PropertyValueSpecification","valueRequired":true,"valueName":"search_term_string"}}],"inLanguage":"fr-FR"},{"@type":"Organization","@id":"https:\/\/onezone.ch\/fr\/#organization","name":"oneZone Versicherung Schweiz","url":"https:\/\/onezone.ch\/fr\/","logo":{"@type":"ImageObject","inLanguage":"fr-FR","@id":"https:\/\/onezone.ch\/fr\/#\/schema\/logo\/image\/","url":"https:\/\/onezone.ch\/wp-content\/uploads\/2022\/07\/onezone-logo-pos-RGB.svg","contentUrl":"https:\/\/onezone.ch\/wp-content\/uploads\/2022\/07\/onezone-logo-pos-RGB.svg","width":1,"height":1,"caption":"oneZone Versicherung Schweiz"},"image":{"@id":"https:\/\/onezone.ch\/fr\/#\/schema\/logo\/image\/"},"sameAs":["https:\/\/www.facebook.com\/onezone.ch\/","https:\/\/www.instagram.com\/oneZone.ch\/","https:\/\/www.youtube.com\/channel\/UCkADqFvOChofZlL-UkA85mg\/featured"]}]}},"_links":{"self":[{"href":"https:\/\/onezone.ch\/fr\/wp-json\/wp\/v2\/pages\/14755","targetHints":{"allow":["GET"]}}],"collection":[{"href":"https:\/\/onezone.ch\/fr\/wp-json\/wp\/v2\/pages"}],"about":[{"href":"https:\/\/onezone.ch\/fr\/wp-json\/wp\/v2\/types\/page"}],"author":[{"embeddable":true,"href":"https:\/\/onezone.ch\/fr\/wp-json\/wp\/v2\/users\/2"}],"replies":[{"embeddable":true,"href":"https:\/\/onezone.ch\/fr\/wp-json\/wp\/v2\/comments?post=14755"}],"version-history":[{"count":1,"href":"https:\/\/onezone.ch\/fr\/wp-json\/wp\/v2\/pages\/14755\/revisions"}],"predecessor-version":[{"id":14756,"href":"https:\/\/onezone.ch\/fr\/wp-json\/wp\/v2\/pages\/14755\/revisions\/14756"}],"wp:attachment":[{"href":"https:\/\/onezone.ch\/fr\/wp-json\/wp\/v2\/media?parent=14755"}],"curies":[{"name":"wp","href":"https:\/\/api.w.org\/{rel}","templated":true}]}}