{"id":6568,"date":"2022-07-04T13:47:37","date_gmt":"2022-07-04T11:47:37","guid":{"rendered":"https:\/\/onezone.ch\/mentions-legales\/"},"modified":"2023-06-06T16:33:27","modified_gmt":"2023-06-06T14:33:27","slug":"mentions-legales","status":"publish","type":"page","link":"https:\/\/onezone.ch\/fr\/mentions-legales\/","title":{"rendered":"Mentions l\u00e9gales"},"content":{"rendered":"\n<p>Responsable du contenu du site :<\/p>\n\r\n<section id=\"res-impressum-block_5f7f22b4b262d\" class=\" res-impressum pt-1\">\r\n  <div class=\"impressum-adresse\">\r\n \r\n        <p>\r\n\t\t<address>\r\n\t\t\tprofessional risk management AG<br>\r\n\t\t\tLandstrasse 99<br>\r\n\t\t\t\r\n\t\t\t\t\t\t\r\n\t\t\t5430 Wettingen<br>\r\n\t\t\tSwiss\r\n\t\t<\/address>\r\n            <br>\r\n\t\t\t<p>Nous sommes enregistr\u00e9s aupr\u00e8s de l&rsquo;Autorit\u00e9 f\u00e9d\u00e9rale de surveillance des march\u00e9s financiers Finma sous le num\u00e9ro 28&rsquo;048 et aupr\u00e8s de Cicero Member sous le num\u00e9ro 29&rsquo;887.<\/p>\n<p>De plus, nous sommes membres de IGB2B\/Ecohub (portail d&rsquo;assurance pour les assurances et les conseillers) et affili\u00e9s \u00e0 tous les r\u00e9seaux d&rsquo;assurance.<\/p>\n<p>Nos donn\u00e9es sont exclusivement stock\u00e9es sur des serveurs de haute s\u00e9curit\u00e9 en Suisse.<\/p>\n<p>IDE : CHE-440.938.759 &#8211; professional risk management AG<\/p>\n\t\t\t\t\t\t\t  \r\n\t\t<\/p>\r\n\t\t  \r\n\r\n\t\t\t\t\t  <div class=\"impressum-credits py-2\">\r\n\t\t\t\t  <h4>by oneZone.ch<\/h4>\n\t\t\t <\/div>\t  \r\n\t\t\t\r\n\t\r\n\t\t\t\r\n\t\t <div class=\"impressum-credits-weitere py-2\"> \r\n\t\t\t \t\t<\/div>\r\n\t\r\n\t\r\n\t<\/div>\r\n\r\n\t  \t\t  \r\n\t<\/div>\r\n<\/section>","protected":false},"excerpt":{"rendered":"<p>Responsable du contenu du site :<\/p>\n","protected":false},"author":1,"featured_media":0,"parent":0,"menu_order":0,"comment_status":"closed","ping_status":"closed","template":"","meta":{"_acf_changed":false,"footnotes":""},"class_list":["post-6568","page","type-page","status-publish","hentry"],"acf":[],"yoast_head":"<!-- This site is optimized with the Yoast SEO Premium plugin v23.6 (Yoast SEO v27.1.1) - https:\/\/yoast.com\/product\/yoast-seo-premium-wordpress\/ -->\n<title>Mentions l\u00e9gales - Versicherungs app - digitaler Versicherungsbroker Schweiz<\/title>\n<meta name=\"robots\" content=\"index, follow, max-snippet:-1, max-image-preview:large, max-video-preview:-1\" \/>\n<link rel=\"canonical\" href=\"https:\/\/onezone.ch\/fr\/mentions-legales\/\" \/>\n<meta property=\"og:locale\" content=\"fr_FR\" \/>\n<meta property=\"og:type\" content=\"article\" \/>\n<meta property=\"og:title\" content=\"Mentions l\u00e9gales\" \/>\n<meta property=\"og:description\" content=\"Responsable du contenu du site :\" \/>\n<meta property=\"og:url\" content=\"https:\/\/onezone.ch\/fr\/mentions-legales\/\" \/>\n<meta property=\"og:site_name\" content=\"Versicherungs app - digitaler Versicherungsbroker Schweiz\" \/>\n<meta property=\"article:publisher\" content=\"https:\/\/www.facebook.com\/onezone.ch\/\" \/>\n<meta property=\"article:modified_time\" content=\"2023-06-06T14:33:27+00:00\" \/>\n<meta property=\"og:image\" content=\"https:\/\/onezone.ch\/wp-content\/uploads\/2022\/09\/fb-bild-oneZone.png\" \/>\n\t<meta property=\"og:image:width\" content=\"1640\" \/>\n\t<meta property=\"og:image:height\" content=\"924\" \/>\n\t<meta property=\"og:image:type\" content=\"image\/png\" \/>\n<meta name=\"twitter:card\" content=\"summary_large_image\" \/>\n<script type=\"application\/ld+json\" class=\"yoast-schema-graph\">{\"@context\":\"https:\/\/schema.org\",\"@graph\":[{\"@type\":\"WebPage\",\"@id\":\"https:\/\/onezone.ch\/fr\/mentions-legales\/\",\"url\":\"https:\/\/onezone.ch\/fr\/mentions-legales\/\",\"name\":\"Mentions l\u00e9gales - Versicherungs app - digitaler Versicherungsbroker Schweiz\",\"isPartOf\":{\"@id\":\"https:\/\/onezone.ch\/fr\/#website\"},\"datePublished\":\"2022-07-04T11:47:37+00:00\",\"dateModified\":\"2023-06-06T14:33:27+00:00\",\"breadcrumb\":{\"@id\":\"https:\/\/onezone.ch\/fr\/mentions-legales\/#breadcrumb\"},\"inLanguage\":\"fr-FR\",\"potentialAction\":[{\"@type\":\"ReadAction\",\"target\":[\"https:\/\/onezone.ch\/fr\/mentions-legales\/\"]}]},{\"@type\":\"BreadcrumbList\",\"@id\":\"https:\/\/onezone.ch\/fr\/mentions-legales\/#breadcrumb\",\"itemListElement\":[{\"@type\":\"ListItem\",\"position\":1,\"name\":\"Home\",\"item\":\"https:\/\/onezone.ch\/fr\/\"},{\"@type\":\"ListItem\",\"position\":2,\"name\":\"Mentions l\u00e9gales\"}]},{\"@type\":\"WebSite\",\"@id\":\"https:\/\/onezone.ch\/fr\/#website\",\"url\":\"https:\/\/onezone.ch\/fr\/\",\"name\":\"Versicherungs app - Versicherungsbroker Schweiz\",\"description\":\"versicherungs app, digitaler versicherungsmakler schweiz, autoversicherung, lebensversicherung, s\u00e4ule 3a, rechtsschutzversicherung, krankenkasse, reiseversicherung, mietkautionsversicherung, tierversicherung, hausratversicherung, privathaftpflicht versicherung, versicherungsbroker\",\"publisher\":{\"@id\":\"https:\/\/onezone.ch\/fr\/#organization\"},\"potentialAction\":[{\"@type\":\"SearchAction\",\"target\":{\"@type\":\"EntryPoint\",\"urlTemplate\":\"https:\/\/onezone.ch\/fr\/?s={search_term_string}\"},\"query-input\":{\"@type\":\"PropertyValueSpecification\",\"valueRequired\":true,\"valueName\":\"search_term_string\"}}],\"inLanguage\":\"fr-FR\"},{\"@type\":\"Organization\",\"@id\":\"https:\/\/onezone.ch\/fr\/#organization\",\"name\":\"oneZone Versicherung Schweiz\",\"url\":\"https:\/\/onezone.ch\/fr\/\",\"logo\":{\"@type\":\"ImageObject\",\"inLanguage\":\"fr-FR\",\"@id\":\"https:\/\/onezone.ch\/fr\/#\/schema\/logo\/image\/\",\"url\":\"https:\/\/onezone.ch\/wp-content\/uploads\/2022\/07\/onezone-logo-pos-RGB.svg\",\"contentUrl\":\"https:\/\/onezone.ch\/wp-content\/uploads\/2022\/07\/onezone-logo-pos-RGB.svg\",\"width\":1,\"height\":1,\"caption\":\"oneZone Versicherung Schweiz\"},\"image\":{\"@id\":\"https:\/\/onezone.ch\/fr\/#\/schema\/logo\/image\/\"},\"sameAs\":[\"https:\/\/www.facebook.com\/onezone.ch\/\",\"https:\/\/www.instagram.com\/oneZone.ch\/\",\"https:\/\/www.youtube.com\/channel\/UCkADqFvOChofZlL-UkA85mg\/featured\"]}]}<\/script>\n<!-- \/ Yoast SEO Premium plugin. -->","yoast_head_json":{"title":"Mentions l\u00e9gales - Versicherungs app - digitaler Versicherungsbroker Schweiz","robots":{"index":"index","follow":"follow","max-snippet":"max-snippet:-1","max-image-preview":"max-image-preview:large","max-video-preview":"max-video-preview:-1"},"canonical":"https:\/\/onezone.ch\/fr\/mentions-legales\/","og_locale":"fr_FR","og_type":"article","og_title":"Mentions l\u00e9gales","og_description":"Responsable du contenu du site :","og_url":"https:\/\/onezone.ch\/fr\/mentions-legales\/","og_site_name":"Versicherungs app - digitaler Versicherungsbroker Schweiz","article_publisher":"https:\/\/www.facebook.com\/onezone.ch\/","article_modified_time":"2023-06-06T14:33:27+00:00","og_image":[{"width":1640,"height":924,"url":"https:\/\/onezone.ch\/wp-content\/uploads\/2022\/09\/fb-bild-oneZone.png","type":"image\/png"}],"twitter_card":"summary_large_image","schema":{"@context":"https:\/\/schema.org","@graph":[{"@type":"WebPage","@id":"https:\/\/onezone.ch\/fr\/mentions-legales\/","url":"https:\/\/onezone.ch\/fr\/mentions-legales\/","name":"Mentions l\u00e9gales - Versicherungs app - digitaler Versicherungsbroker Schweiz","isPartOf":{"@id":"https:\/\/onezone.ch\/fr\/#website"},"datePublished":"2022-07-04T11:47:37+00:00","dateModified":"2023-06-06T14:33:27+00:00","breadcrumb":{"@id":"https:\/\/onezone.ch\/fr\/mentions-legales\/#breadcrumb"},"inLanguage":"fr-FR","potentialAction":[{"@type":"ReadAction","target":["https:\/\/onezone.ch\/fr\/mentions-legales\/"]}]},{"@type":"BreadcrumbList","@id":"https:\/\/onezone.ch\/fr\/mentions-legales\/#breadcrumb","itemListElement":[{"@type":"ListItem","position":1,"name":"Home","item":"https:\/\/onezone.ch\/fr\/"},{"@type":"ListItem","position":2,"name":"Mentions l\u00e9gales"}]},{"@type":"WebSite","@id":"https:\/\/onezone.ch\/fr\/#website","url":"https:\/\/onezone.ch\/fr\/","name":"Versicherungs app - Versicherungsbroker Schweiz","description":"versicherungs app, digitaler versicherungsmakler schweiz, autoversicherung, lebensversicherung, s\u00e4ule 3a, rechtsschutzversicherung, krankenkasse, reiseversicherung, mietkautionsversicherung, tierversicherung, hausratversicherung, privathaftpflicht versicherung, versicherungsbroker","publisher":{"@id":"https:\/\/onezone.ch\/fr\/#organization"},"potentialAction":[{"@type":"SearchAction","target":{"@type":"EntryPoint","urlTemplate":"https:\/\/onezone.ch\/fr\/?s={search_term_string}"},"query-input":{"@type":"PropertyValueSpecification","valueRequired":true,"valueName":"search_term_string"}}],"inLanguage":"fr-FR"},{"@type":"Organization","@id":"https:\/\/onezone.ch\/fr\/#organization","name":"oneZone Versicherung Schweiz","url":"https:\/\/onezone.ch\/fr\/","logo":{"@type":"ImageObject","inLanguage":"fr-FR","@id":"https:\/\/onezone.ch\/fr\/#\/schema\/logo\/image\/","url":"https:\/\/onezone.ch\/wp-content\/uploads\/2022\/07\/onezone-logo-pos-RGB.svg","contentUrl":"https:\/\/onezone.ch\/wp-content\/uploads\/2022\/07\/onezone-logo-pos-RGB.svg","width":1,"height":1,"caption":"oneZone Versicherung Schweiz"},"image":{"@id":"https:\/\/onezone.ch\/fr\/#\/schema\/logo\/image\/"},"sameAs":["https:\/\/www.facebook.com\/onezone.ch\/","https:\/\/www.instagram.com\/oneZone.ch\/","https:\/\/www.youtube.com\/channel\/UCkADqFvOChofZlL-UkA85mg\/featured"]}]}},"_links":{"self":[{"href":"https:\/\/onezone.ch\/fr\/wp-json\/wp\/v2\/pages\/6568","targetHints":{"allow":["GET"]}}],"collection":[{"href":"https:\/\/onezone.ch\/fr\/wp-json\/wp\/v2\/pages"}],"about":[{"href":"https:\/\/onezone.ch\/fr\/wp-json\/wp\/v2\/types\/page"}],"author":[{"embeddable":true,"href":"https:\/\/onezone.ch\/fr\/wp-json\/wp\/v2\/users\/1"}],"replies":[{"embeddable":true,"href":"https:\/\/onezone.ch\/fr\/wp-json\/wp\/v2\/comments?post=6568"}],"version-history":[{"count":0,"href":"https:\/\/onezone.ch\/fr\/wp-json\/wp\/v2\/pages\/6568\/revisions"}],"wp:attachment":[{"href":"https:\/\/onezone.ch\/fr\/wp-json\/wp\/v2\/media?parent=6568"}],"curies":[{"name":"wp","href":"https:\/\/api.w.org\/{rel}","templated":true}]}}