{"id":6637,"date":"2022-12-19T11:41:11","date_gmt":"2022-12-19T10:41:11","guid":{"rendered":"https:\/\/onezone.ch\/impots\/"},"modified":"2023-08-07T10:42:49","modified_gmt":"2023-08-07T08:42:49","slug":"impots","status":"publish","type":"page","link":"https:\/\/onezone.ch\/fr\/impots\/","title":{"rendered":"Imp\u00f4ts"},"content":{"rendered":"\n\n<section id=\"res-header-image-block_730c1627480ddb10fa7063c98676ce13\" class=\"res-block res-header-image alignfull \">\n  <div class=\"res-header-img-outside mb-4\" data-aos=\"res-fadeIn\">\n\t<div class=\"res-header-height\">\n\t\t\n\t\n\t  <style> \n\t\t  @media only screen and (min-width: 970px) {\n\t\t\t #res-header-image-block_730c1627480ddb10fa7063c98676ce13.res-header-image .layout-1.header-img-height { height: 50vh;}  \n\t\t\t #res-header-image-block_730c1627480ddb10fa7063c98676ce13.res-header-image .layout-1 .res-header-image-vertical-center { top: 60%;} \n\t\t\t  \t\t\t  \n\t\t\t\t\t\t  #res-header-image-block_730c1627480ddb10fa7063c98676ce13.res-header-image .layout-1 .jarallax-img { object-position: 50% 70% !important;}\n\t\t\t   \n\t\t  }\n\t\t  @media only screen and (max-width: 970px) {  \n\t\t\t#res-header-image-block_730c1627480ddb10fa7063c98676ce13.res-header-image .layout-1.header-img-height { height: 70vh;} \n\t\t\t  \n\t\t\t\t\t\t #res-header-image-block_730c1627480ddb10fa7063c98676ce13.res-header-image .layout-1 .jarallax-img { object-position: 50% 50% !important;}\n\t\t\t  \n\t\t\t    #res-header-image-block_730c1627480ddb10fa7063c98676ce13.res-header-image .layout-1 .res-header-image-vertical-center { top: 55%;}\t\t\t  \t\t  }\n\t\t  \t  <\/style> \n\t\t\n\t  <div class=\"layout-1 jarallax header-img-height\" data-speed=\"0.7\" style=\"background: transparent;\">\n\t\t  \n\t\t\t\t<div class=\"res-header-image-vertical-center\">\n\t\t\t\t\t<div class=\"container-fluid\">\n\t\t\t\t\t\t\n\t\t\t\t\t\t<div class=\"sloganBox\">\n                           <div class=\"row\">\n                             <div class=\"col col-md-8 text-left\">\n\t\t\t\t\t\t\t\t <div class=\"\" data-aos=\"res-fadeIn\">\n\t\t\t\t\t\t\t\t \n                                                                   <h1><strong>Les imp\u00f4ts &#8211; il y a plus beau dans la vie<\/strong><\/h1>\n                                \t\n\t\t\t\t\t\t\t\t \n                                \t\t\t\t\t\t\t\t \n                                                                   <h3>bient\u00f4t nous le ferons pour vous<\/h3>\n                                \t\n\t\t\t\t\t\t\t\t \n\t\t\t\t\t\t\t\t\t\n\n\t\t\t\t\t\t\t\t   \n\t\t\t\t\t\t\t\t\t <div class=\"pt-lg-2\">\n\t\t\t\t\t\t\t\t\t\t\t\t\t\t\t\t\t\n\t\t\t\t\t\t\t\t\t\t\t\t\t\t\t\t\t\t\t <\/div>\n\t\t\t\t\t\t\t\t\t\t\t\t\t\t\t\t \n\t\t\t\t\t\t\t\t\t<\/div>\n\t\t\t\t                 <\/div>\n\t\t\t\t\t\t\t<\/div>\n\t\t\t\t\t\t<\/div>\n\n\t\t\t\t\t<\/div>\n\t\t\t\t<\/div>\n\t\t\t\t\n\t\t\t\t\t\t<img decoding=\"async\" class=\"jarallax-img img-fluid\" src=\"https:\/\/onezone.ch\/wp-content\/uploads\/2022\/12\/Coming-Soon-1280x520.png\" alt=\"\"  style=\"opacity: 0.95;\" \/>\n\t\t    \t\t  \n\t\t\t\t\t  \n\t\t   <\/div>\n\t\t\t \n\t \n\n\n\t\t<\/div>\n\t<\/div>\n<\/section>\t\n\n\r\n\r\n<section id=\"res-txt-block_fd7c8fe2a0d5107fc8c876329cd49b8c\" class=\"res-block res-txt alignfull layout01 p-no Transparent\" style=\"background: transparent;\">\r\n  <div class=\"inner-container container-wide\" data-aos=\"res-fadeIn\">\r\n \r\n\t\t  \r\n\t\t \t  \r\n      \r\n      <div class=\"layout-1 txt-section\">\r\n\t\t<div class=\"row\">\t\r\n\t\t\t\r\n\t\t            \r\n             \t\r\n              <style>      \r\n                 @media only screen and (min-width: 970px) {\r\n                  #res-txt-block_fd7c8fe2a0d5107fc8c876329cd49b8c.res-txt .spalten-abstand {margin-right: 2%;}\r\n              <\/style>\r\n                 \r\n            \r\n\t\t\t\t<div class=\"col-md-5 txt-title-field var-2spalten\">\r\n                    <div class=\"spalten-abstand\">\r\n\t\t\t\t\r\n\t\t\t\t\t\t\r\n\r\n\t\t\t\t\t\r\n\t\t\t\t\t \r\n\t\t\t\t\t   <h3>D\u00e9claration d&rsquo;imp\u00f4ts &#8211; nous le ferons (bient\u00f4t) pour vous !<\/h3>\r\n\t\t\t\t\t                        \r\n                   <\/div>\r\n\t\t\t\t<\/div> \r\n\t\t\t\t\r\n\t\t\t\t\r\n\t\t\t\t<div class=\"col-md txt-textfield var-2spalten postContent\">\r\n\r\n\t\t\t\t\t\t\t\t\t\t  <p>Personne n&rsquo;aime les imp\u00f4ts &#8211; c&rsquo;est pourquoi nous nous ferons un plaisir de vous en d\u00e9barrasser bient\u00f4t ! Nous travaillons \u00e0 une solution pour vous simplifier la d\u00e9claration d&rsquo;imp\u00f4ts et la faire directement pour vous.<\/p>\n\t\t\t\t\t\t\t\r\n\r\n\t\t\t\t\t <div class=\"txt-textfield-btns pt-2 \">\r\n\t\t\t\t\t\t  \r\n\t\t\t\t\t<\/div> \r\n\t\t\t\t\r\n\t\t\t\t\t\t\r\n\t\r\n\t\t\t\t  <\/div>\r\n\t\r\n\t\t\t \r\n\t\t\t\r\n\t\t\t\r\n\t\t\t\r\n\r\n\t\t\t\t\t\r\n\t\t <\/div> \t\r\n\t\t<\/div>\r\n\t \r\n\t  \r\n \r\n \r\n\t<\/div>\r\n<\/section>\r\n\r\n\n\n\n\n<section id=\"res-text-bild-block_cc8c3cb4d4e04da09fbdcfc838657368\" class=\"res-block res-text-bild layout01 py-4 Transparent \t\" style=\"background: transparent;\">\n  <div class=\"inner-container container-off\" data-aos=\"res-fadeIn\">\n\n\t\t\t  <style>\n\t\t\t @media only screen and (min-width: 970px) {\n\t\t\t  #res-text-bild-block_cc8c3cb4d4e04da09fbdcfc838657368.res-text-bild .layout-1 .txt-imagebox.offset-md-1 {margin-left: 3%;}\n\t\t\t  #res-text-bild-block_cc8c3cb4d4e04da09fbdcfc838657368.res-text-bild .layout-1 .txt-box.offset-md-1 {margin-left: 3%;}\n\t\t\t}\n\t\t\t \n\t\t  <\/style>\n\n\n        <div class=\"layout-1 row  \">\n\t\t\t<div class=\"col-md-7 txt-box \">\n\n\n\t\t\t\n\t\t\t\t\t\t\t\t\t<h2>Fiscalit\u00e9 Suisse<\/h2>\n\t\t\t\t\n\t\t\t\t\t\t\t\t   <h3 class=\"pb-1\">D\u00e9claration d&rsquo;imp\u00f4ts<br \/>\r\nTh\u00e8mes<\/h3>\n\t\t\t\t\n\t\t\t\t <div class=\"txt-text postContent pt-2 pt-md-2\">\n\t\t\t\t\t\t\t\t\t\t  <ul>\n<li>Quels sont les imp\u00f4ts en vigueur ?<\/li>\n<li>Imp\u00f4t cantonal &#8211; Imp\u00f4t communal &#8211; Imp\u00f4t f\u00e9d\u00e9ral &#8211; Imp\u00f4t eccl\u00e9siastique &#8211; Taxe pompier &#8211; Taxe militaire<\/li>\n<li>Imp\u00f4t sur le revenu<\/li>\n<li>Imp\u00f4t sur la fortune<\/li>\n<li>Imp\u00f4t sur les soci\u00e9t\u00e9s<\/li>\n<li>Taxe sur la valeur ajout\u00e9e<\/li>\n<li>Imp\u00f4t sur les successions et les donations<\/li>\n<li>Imp\u00f4t eccl\u00e9siastique<\/li>\n<li>D\u00e9claration d&rsquo;imp\u00f4ts<\/li>\n<li>Que puis-je d\u00e9duire dans ma d\u00e9claration d&rsquo;imp\u00f4ts ?<\/li>\n<li>Pilier 3a \/ Rachats LPP<\/li>\n<li>Versement pilier 3a \/ LPP<\/li>\n<li>Imposition des retraites<\/li>\n<li>Valeur locative \/ logement en propri\u00e9t\u00e9<\/li>\n<li>Juridique &#8211; Assurance protection juridique<\/li>\n<li>T\u00e2ches \/ Comp\u00e9tence Administration fiscale \/ Bureau des imp\u00f4ts Commune<\/li>\n<\/ul>\n<p>Formulaires<\/p>\n<p>Liens<\/p>\n\t\t\t\t\t\n\t\t\t\t\t \n\t\t\t\t\t\n\t\t\t\t<\/div>\n\n\n\t\t\t<\/div>\n\n\t\t\t<div class=\"col-md mb-2 mt-md-1 txt-imagebox offset-md-1\">\n\t\t\t\t\n\t\t\t\t\t\t\t<\/div>\n\n\t\t<\/div>\n\n\n\t\n\t<\/div>\n<\/section>\n\n\n\n\n<div class=\"wp-block-columns is-layout-flex wp-container-core-columns-is-layout-9d6595d7 wp-block-columns-is-layout-flex\">\n<div class=\"wp-block-column is-layout-flow wp-block-column-is-layout-flow\" style=\"flex-basis:100%\">\r\n<section id=\"res-icons-text-block_4f96f9fe5157aa7953b0d7ec8f50cc02\" class=\"res-block res-icons-text py-4 \" style=\"background : transparent;\">\r\n  <div class=\"inner-container container-off\" data-aos=\"res-fadeIn\">\r\n\t  \r\n\t  <style>\r\n\t\t  #res-icons-text-block_4f96f9fe5157aa7953b0d7ec8f50cc02.res-icons-text .iconbox-bottom { margin-bottom:2%;}\r\n\t\t  #res-icons-text-block_4f96f9fe5157aa7953b0d7ec8f50cc02.res-icons-text .iconbox-side { margin-right:5%;}\r\n\t\t  #res-icons-text-block_4f96f9fe5157aa7953b0d7ec8f50cc02.res-icons-text .iconbox { font-size:90%; line-height: 150%;} \r\n\t  <\/style> \r\n\r\n <div class=\"icons-text-layout row row-cols-1 row-cols-md-4 no-gutters\">\r\n\t \r\n     \r\n      <div class=\"col-md iconbox-bottom\"> \r\n\t\t<div class=\"iconbox iconbox-side h-100 flatbox p-0\">\r\n\t\t  \r\n          <div class=\"row row-cols-2\">\r\n\t  \r\n\t\t\t   \t\t\t\t<div class=\"col-2 icons-txt-img pb-2 col-md-3\">\r\n\t\t\t\t\t \r\n\t\t\t\t\t<img decoding=\"async\" src=\"https:\/\/onezone.ch\/wp-content\/uploads\/2022\/07\/icon-berater.svg\" class=\"img-fluid w-100\" alt=\"icon Conseiller oneZone\" \/>\r\n\t\t\t\t\t\t\t\t\t<\/div>\r\n\t\t\t   \r\n\t\t\t\t<div class=\"col-10 icons-txt-content col-md-10\">\r\n\t\t\t\t\t<p><a href=\"tel:0041582550600\">D&rsquo;autres questions ?<\/a><\/p>\n\t\t\t\t\r\n\t\t\t\t<\/div>\r\n\t\t\t\t  \r\n\t\t\t<\/div>\r\n\t\t\t\r\n          <\/div>\r\n      <\/div>\r\n\r\n\t  \r\n      \r\n      <div class=\"col-md iconbox-bottom\"> \r\n\t\t<div class=\"iconbox iconbox-side h-100 flatbox p-0\">\r\n\t\t  \r\n          <div class=\"row row-cols-2\">\r\n\t  \r\n\t\t\t   \t\t\t\t<div class=\"col-2 icons-txt-img pb-2 col-md-3\">\r\n\t\t\t\t\t \r\n\t\t\t\t\t<img decoding=\"async\" src=\"https:\/\/onezone.ch\/wp-content\/uploads\/2022\/07\/icon-schadenmelden.svg\" class=\"img-fluid w-100\" alt=\"icon D\u00e9claration de sinistre oneZone\" \/>\r\n\t\t\t\t\t\t\t\t\t<\/div>\r\n\t\t\t   \r\n\t\t\t\t<div class=\"col-10 icons-txt-content col-md-10\">\r\n\t\t\t\t\t<p><a href=\"mailto:mail@oneZone.ch\">Autre chose \u00e0 communiquer ?<\/a><\/p>\n\t\t\t\t\r\n\t\t\t\t<\/div>\r\n\t\t\t\t  \r\n\t\t\t<\/div>\r\n\t\t\t\r\n          <\/div>\r\n      <\/div>\r\n\r\n\t  \r\n               <\/div>  \r\n\t  \r\n\t  \r\n\t<\/div>\r\n<\/section>\r\n\r\n<\/div>\n<\/div>\n\n\n\t<section id=\"res-logo-slider-block_d4525f6490901f60dafe1a862aa449ab\" class=\"res-block res-logo-slider alignfull py-1 \" style=\"couleur de fond : #eeeff6;\">\r\n\t\t<div class=\"inner-container container-off\" data-aos=\"res-fadeIn\">\r\n\t\t\t<div class=\"logoslider-outside-frame no-center-mode-desktop no-center-mode-mobile\">\r\n\r\n\t\t\t\t<style>\r\n                    #res-logo-slider-block_d4525f6490901f60dafe1a862aa449ab .box-item {margin-right: 100px;}\r\n\t\t\t\t\t\r\n                    @media only screen and (min-width: 970px) {\r\n\t\t\t\t\t\r\n\t\t\t\t\t\t\t\t\t\t#res-logo-slider-block_d4525f6490901f60dafe1a862aa449ab.alignfull .no-center-mode-desktop .slider {margin-left: 180px;}\r\n\t\t\t\t\t\r\n\t\t\t\t\t\t\t\t\t\t#res-logo-slider-block_d4525f6490901f60dafe1a862aa449ab .logo-boxlayout01 .logobox-overlayer {background: rgba(0,0,0,0.4 );}\r\n\t\t\t\t\t\t\r\n                    }\r\n\t\t\t\t<\/style>\r\n\r\n\t\t\t\t\t\t\t\t\t\t<div id=\"res_slider_content_aGLQQTSMUv\" class=\"slider d-md-block d-block equal-boxheight\">\r\n\t\t\t\t\t\t\t\t\t\t\t\t\t\t\t\t\t\t\t\t\t\t\t\t\t<div class=\"box-item my-2 logo-boxlayout01 \" data-aos=\"res-rightIncoming\" (en anglais)>\r\n\r\n\t\t\t\t\t\t\t\t\t\t\t<div class=\"box-inner   flatbox  h-100\">\r\n\r\n\t\t\t\t\t\t\t\t\t\t\t\t\r\n\t\t\t\t\t\t\t\t\t\t\t\t\t<div class=\"postBox position-relative text-left\">\r\n\r\n\t\t\t\t\t\t\t\t\t\t\t\t\t\t<div class=\"postImg box-overlayer-img overflow-hidden\">\r\n\t\t\t\t\t\t\t\t\t\t\t\t\t\t\t\t\t\t\t\t\t\t\t\t\t\t\t\t\t\t\t<img decoding=\"async\" class=\"img-fluid w-100 \" src=\"https:\/\/onezone.ch\/wp-content\/uploads\/2022\/07\/onezone-partner-zurich-440x270.png\" alt=\"logo zurich assurance\">\r\n\t\t\t\t\t\t\t\t\t\t\t\t\t\t\t\t\t\t\t\t\t\t\t\t\t\t\t\t\t<\/div>\r\n\r\n\r\n\t\t\t\t\t\t\t\t\t\t\t\t\t\t\r\n\t\t\t\t\t\t\t\t\t\t\t\t\t<\/div>\r\n\t\t\t\t\t\t\t\t\t\t\t\t\t\r\n\t\t\t\t\t\t\t\t\t\t\t\t\t\t\t\t\t\t\t\t\t\t<\/div>\r\n\t\t\t\t\t\t\t\t\t\t<\/div>\r\n\t\t\t\t\t\t\t\t\t\t\t\t\t\t\t\t\t\t\t\t\t\t\t\t\t\t\t\t<div class=\"box-item my-2 logo-boxlayout01 \" data-aos=\"res-rightIncoming\" (en anglais)>\r\n\r\n\t\t\t\t\t\t\t\t\t\t\t<div class=\"box-inner   flatbox  h-100\">\r\n\r\n\t\t\t\t\t\t\t\t\t\t\t\t\r\n\t\t\t\t\t\t\t\t\t\t\t\t\t<div class=\"postBox position-relative text-left\">\r\n\r\n\t\t\t\t\t\t\t\t\t\t\t\t\t\t<div class=\"postImg box-overlayer-img overflow-hidden\">\r\n\t\t\t\t\t\t\t\t\t\t\t\t\t\t\t\t\t\t\t\t\t\t\t\t\t\t\t\t\t\t\t<img decoding=\"async\" class=\"img-fluid w-100 \" src=\"https:\/\/onezone.ch\/wp-content\/uploads\/2022\/07\/onezone-partner-helvetia-440x270.png\" alt=\"\">\r\n\t\t\t\t\t\t\t\t\t\t\t\t\t\t\t\t\t\t\t\t\t\t\t\t\t\t\t\t\t<\/div>\r\n\r\n\r\n\t\t\t\t\t\t\t\t\t\t\t\t\t\t\r\n\t\t\t\t\t\t\t\t\t\t\t\t\t<\/div>\r\n\t\t\t\t\t\t\t\t\t\t\t\t\t\r\n\t\t\t\t\t\t\t\t\t\t\t\t\t\t\t\t\t\t\t\t\t\t<\/div>\r\n\t\t\t\t\t\t\t\t\t\t<\/div>\r\n\t\t\t\t\t\t\t\t\t\t\t\t\t\t\t\t\t\t\t\t\t\t\t\t\t\t\t\t<div class=\"box-item my-2 logo-boxlayout01 \" data-aos=\"res-rightIncoming\" (en anglais)>\r\n\r\n\t\t\t\t\t\t\t\t\t\t\t<div class=\"box-inner   flatbox  h-100\">\r\n\r\n\t\t\t\t\t\t\t\t\t\t\t\t\r\n\t\t\t\t\t\t\t\t\t\t\t\t\t<div class=\"postBox position-relative text-left\">\r\n\r\n\t\t\t\t\t\t\t\t\t\t\t\t\t\t<div class=\"postImg box-overlayer-img overflow-hidden\">\r\n\t\t\t\t\t\t\t\t\t\t\t\t\t\t\t\t\t\t\t\t\t\t\t\t\t\t\t\t\t\t\t<img decoding=\"async\" class=\"img-fluid w-100 \" src=\"https:\/\/onezone.ch\/wp-content\/uploads\/2022\/07\/onezone-partner-pax-440x270.png\" alt=\"\">\r\n\t\t\t\t\t\t\t\t\t\t\t\t\t\t\t\t\t\t\t\t\t\t\t\t\t\t\t\t\t<\/div>\r\n\r\n\r\n\t\t\t\t\t\t\t\t\t\t\t\t\t\t\r\n\t\t\t\t\t\t\t\t\t\t\t\t\t<\/div>\r\n\t\t\t\t\t\t\t\t\t\t\t\t\t\r\n\t\t\t\t\t\t\t\t\t\t\t\t\t\t\t\t\t\t\t\t\t\t<\/div>\r\n\t\t\t\t\t\t\t\t\t\t<\/div>\r\n\t\t\t\t\t\t\t\t\t\t\t\t\t\t\t\t\t\t\t\t\t\t\t\t\t\t\t\t<div class=\"box-item my-2 logo-boxlayout01 \" data-aos=\"res-rightIncoming\" (en anglais)>\r\n\r\n\t\t\t\t\t\t\t\t\t\t\t<div class=\"box-inner   flatbox  h-100\">\r\n\r\n\t\t\t\t\t\t\t\t\t\t\t\t\r\n\t\t\t\t\t\t\t\t\t\t\t\t\t<div class=\"postBox position-relative text-left\">\r\n\r\n\t\t\t\t\t\t\t\t\t\t\t\t\t\t<div class=\"postImg box-overlayer-img overflow-hidden\">\r\n\t\t\t\t\t\t\t\t\t\t\t\t\t\t\t\t\t\t\t\t\t\t\t\t\t\t\t\t\t\t\t<img decoding=\"async\" class=\"img-fluid w-100 \" src=\"https:\/\/onezone.ch\/wp-content\/uploads\/2022\/07\/onezone-partner-swica-440x270.png\" alt=\"\">\r\n\t\t\t\t\t\t\t\t\t\t\t\t\t\t\t\t\t\t\t\t\t\t\t\t\t\t\t\t\t<\/div>\r\n\r\n\r\n\t\t\t\t\t\t\t\t\t\t\t\t\t\t\r\n\t\t\t\t\t\t\t\t\t\t\t\t\t<\/div>\r\n\t\t\t\t\t\t\t\t\t\t\t\t\t\r\n\t\t\t\t\t\t\t\t\t\t\t\t\t\t\t\t\t\t\t\t\t\t<\/div>\r\n\t\t\t\t\t\t\t\t\t\t<\/div>\r\n\t\t\t\t\t\t\t\t\t\t\t\t\t\t\t\t\t\t\t\t\t\t\t\t\t\t\t\t<div class=\"box-item my-2 logo-boxlayout01 \" data-aos=\"res-rightIncoming\" (en anglais)>\r\n\r\n\t\t\t\t\t\t\t\t\t\t\t<div class=\"box-inner   flatbox  h-100\">\r\n\r\n\t\t\t\t\t\t\t\t\t\t\t\t\r\n\t\t\t\t\t\t\t\t\t\t\t\t\t<div class=\"postBox position-relative text-left\">\r\n\r\n\t\t\t\t\t\t\t\t\t\t\t\t\t\t<div class=\"postImg box-overlayer-img overflow-hidden\">\r\n\t\t\t\t\t\t\t\t\t\t\t\t\t\t\t\t\t\t\t\t\t\t\t\t\t\t\t\t\t\t\t<img decoding=\"async\" class=\"img-fluid w-100 \" src=\"https:\/\/onezone.ch\/wp-content\/uploads\/2022\/07\/onezone-partner-axa-440x270.png\" alt=\"\">\r\n\t\t\t\t\t\t\t\t\t\t\t\t\t\t\t\t\t\t\t\t\t\t\t\t\t\t\t\t\t<\/div>\r\n\r\n\r\n\t\t\t\t\t\t\t\t\t\t\t\t\t\t\r\n\t\t\t\t\t\t\t\t\t\t\t\t\t<\/div>\r\n\t\t\t\t\t\t\t\t\t\t\t\t\t\r\n\t\t\t\t\t\t\t\t\t\t\t\t\t\t\t\t\t\t\t\t\t\t<\/div>\r\n\t\t\t\t\t\t\t\t\t\t<\/div>\r\n\t\t\t\t\t\t\t\t\t\t\t\t\t\t\t\t\t\t\t\t\t\t\t\t\t\t\t\t<div class=\"box-item my-2 logo-boxlayout01 \" data-aos=\"res-rightIncoming\" (en anglais)>\r\n\r\n\t\t\t\t\t\t\t\t\t\t\t<div class=\"box-inner   flatbox  h-100\">\r\n\r\n\t\t\t\t\t\t\t\t\t\t\t\t\r\n\t\t\t\t\t\t\t\t\t\t\t\t\t<div class=\"postBox position-relative text-left\">\r\n\r\n\t\t\t\t\t\t\t\t\t\t\t\t\t\t<div class=\"postImg box-overlayer-img overflow-hidden\">\r\n\t\t\t\t\t\t\t\t\t\t\t\t\t\t\t\t\t\t\t\t\t\t\t\t\t\t\t\t\t\t\t<img decoding=\"async\" class=\"img-fluid w-100 \" src=\"https:\/\/onezone.ch\/wp-content\/uploads\/2022\/07\/onezone-partner-css-440x270.png\" alt=\"\">\r\n\t\t\t\t\t\t\t\t\t\t\t\t\t\t\t\t\t\t\t\t\t\t\t\t\t\t\t\t\t<\/div>\r\n\r\n\r\n\t\t\t\t\t\t\t\t\t\t\t\t\t\t\r\n\t\t\t\t\t\t\t\t\t\t\t\t\t<\/div>\r\n\t\t\t\t\t\t\t\t\t\t\t\t\t\r\n\t\t\t\t\t\t\t\t\t\t\t\t\t\t\t\t\t\t\t\t\t\t<\/div>\r\n\t\t\t\t\t\t\t\t\t\t<\/div>\r\n\t\t\t\t\t\t\t\t\t\t\t\t\t\t\t\t\t\t\t\t\t\t\t\t\t\t\t\t<div class=\"box-item my-2 logo-boxlayout01 \" data-aos=\"res-rightIncoming\" (en anglais)>\r\n\r\n\t\t\t\t\t\t\t\t\t\t\t<div class=\"box-inner   flatbox  h-100\">\r\n\r\n\t\t\t\t\t\t\t\t\t\t\t\t\r\n\t\t\t\t\t\t\t\t\t\t\t\t\t<div class=\"postBox position-relative text-left\">\r\n\r\n\t\t\t\t\t\t\t\t\t\t\t\t\t\t<div class=\"postImg box-overlayer-img overflow-hidden\">\r\n\t\t\t\t\t\t\t\t\t\t\t\t\t\t\t\t\t\t\t\t\t\t\t\t\t\t\t\t\t\t\t<img decoding=\"async\" class=\"img-fluid w-100 \" src=\"https:\/\/onezone.ch\/wp-content\/uploads\/2022\/07\/onezone-partner-basler-440x270.png\" alt=\"\">\r\n\t\t\t\t\t\t\t\t\t\t\t\t\t\t\t\t\t\t\t\t\t\t\t\t\t\t\t\t\t<\/div>\r\n\r\n\r\n\t\t\t\t\t\t\t\t\t\t\t\t\t\t\r\n\t\t\t\t\t\t\t\t\t\t\t\t\t<\/div>\r\n\t\t\t\t\t\t\t\t\t\t\t\t\t\r\n\t\t\t\t\t\t\t\t\t\t\t\t\t\t\t\t\t\t\t\t\t\t<\/div>\r\n\t\t\t\t\t\t\t\t\t\t<\/div>\r\n\t\t\t\t\t\t\t\t\t\t\t\t\t\t\t\t\t\t\t\t\t\t\t\t\t\t\t\t<div class=\"box-item my-2 logo-boxlayout01 \" data-aos=\"res-rightIncoming\" (en anglais)>\r\n\r\n\t\t\t\t\t\t\t\t\t\t\t<div class=\"box-inner   flatbox  h-100\">\r\n\r\n\t\t\t\t\t\t\t\t\t\t\t\t\r\n\t\t\t\t\t\t\t\t\t\t\t\t\t<div class=\"postBox position-relative text-left\">\r\n\r\n\t\t\t\t\t\t\t\t\t\t\t\t\t\t<div class=\"postImg box-overlayer-img overflow-hidden\">\r\n\t\t\t\t\t\t\t\t\t\t\t\t\t\t\t\t\t\t\t\t\t\t\t\t\t\t\t\t\t\t\t<img decoding=\"async\" class=\"img-fluid w-100 \" src=\"https:\/\/onezone.ch\/wp-content\/uploads\/2022\/07\/onezone-partner-axa-440x270.png\" alt=\"\">\r\n\t\t\t\t\t\t\t\t\t\t\t\t\t\t\t\t\t\t\t\t\t\t\t\t\t\t\t\t\t<\/div>\r\n\r\n\r\n\t\t\t\t\t\t\t\t\t\t\t\t\t\t\r\n\t\t\t\t\t\t\t\t\t\t\t\t\t<\/div>\r\n\t\t\t\t\t\t\t\t\t\t\t\t\t\r\n\t\t\t\t\t\t\t\t\t\t\t\t\t\t\t\t\t\t\t\t\t\t<\/div>\r\n\t\t\t\t\t\t\t\t\t\t<\/div>\r\n\t\t\t\t\t\t\t\t\t\t\t\t\t\t\t\t<\/div>\r\n\t\t\t\t\t\t\t\t<\/div>\r\n\t\t<\/div>\r\n\r\n\t\t\t\t\t<div class=\"modal fade\" tabindex=\"-1\" role=\"dialog\" aria-hidden=\"true\" id=\"res_slider_content_aGLQQTSMUv_modal\">\r\n\t\t\t\t<div class=\"modal-dialog logoslider-modal\">\r\n\t\t\t\t\t<div class=\"modal-content\">\r\n\t\t\t\t\t\t<div class=\"modal-header\">\r\n\t\t\t\t\t\t\t<button type=\"button\" class=\"close\" data-dismiss=\"modal\" aria-label=\"Close\">\r\n\t\t\t\t\t\t\t\t<span class=\"x-close\" aria-hidden=\"true\"><\/span>\r\n\t\t\t\t\t\t\t<\/button>\r\n\t\t\t\t\t\t<\/div>\r\n\t\t\t\t\t\t<div class=\"modal-body\">\r\n\t\t\t\t\t\t<\/div>\r\n\t\t\t\t\t<\/div>\r\n\t\t\t\t<\/div>\r\n\t\t\t<\/div>\r\n\t\t\t<\/section>\r\n\r\n","protected":false},"excerpt":{"rendered":"","protected":false},"author":2,"featured_media":0,"parent":0,"menu_order":0,"comment_status":"closed","ping_status":"closed","template":"","meta":{"_acf_changed":false,"footnotes":""},"class_list":["post-6637","page","type-page","status-publish","hentry"],"acf":[],"yoast_head":"<!-- This site is optimized with the Yoast SEO Premium plugin v23.6 (Yoast SEO v27.1.1) - https:\/\/yoast.com\/product\/yoast-seo-premium-wordpress\/ -->\n<title>Imp\u00f4ts - Versicherungs app - digitaler Versicherungsbroker Schweiz<\/title>\n<meta name=\"description\" content=\"Comparer les primes des caisses maladie en ligne et changer de caisse. Comment bien changer, quelle franchise choisir, comment et quand r\u00e9silier ?\" \/>\n<meta name=\"robots\" content=\"noindex, nofollow\" \/>\n<meta property=\"og:locale\" content=\"fr_FR\" \/>\n<meta property=\"og:type\" content=\"article\" \/>\n<meta property=\"og:title\" content=\"Imp\u00f4ts\" \/>\n<meta property=\"og:description\" content=\"Comparer les primes des caisses maladie en ligne et changer de caisse. Comment bien changer, quelle franchise choisir, comment et quand r\u00e9silier ?\" \/>\n<meta property=\"og:url\" content=\"https:\/\/onezone.ch\/fr\/impots\/\" \/>\n<meta property=\"og:site_name\" content=\"Versicherungs app - digitaler Versicherungsbroker Schweiz\" \/>\n<meta property=\"article:publisher\" content=\"https:\/\/www.facebook.com\/onezone.ch\/\" \/>\n<meta property=\"article:modified_time\" content=\"2023-08-07T08:42:49+00:00\" \/>\n<meta property=\"og:image\" content=\"https:\/\/onezone.ch\/wp-content\/uploads\/2022\/09\/fb-bild-oneZone.png\" \/>\n\t<meta property=\"og:image:width\" content=\"1640\" \/>\n\t<meta property=\"og:image:height\" content=\"924\" \/>\n\t<meta property=\"og:image:type\" content=\"image\/png\" \/>\n<meta name=\"twitter:card\" content=\"summary_large_image\" \/>\n<script type=\"application\/ld+json\" class=\"yoast-schema-graph\">{\"@context\":\"https:\/\/schema.org\",\"@graph\":[{\"@type\":\"WebPage\",\"@id\":\"https:\/\/onezone.ch\/fr\/impots\/\",\"url\":\"https:\/\/onezone.ch\/fr\/impots\/\",\"name\":\"Imp\u00f4ts - Versicherungs app - digitaler Versicherungsbroker Schweiz\",\"isPartOf\":{\"@id\":\"https:\/\/onezone.ch\/fr\/#website\"},\"datePublished\":\"2022-12-19T10:41:11+00:00\",\"dateModified\":\"2023-08-07T08:42:49+00:00\",\"description\":\"Comparer les primes des caisses maladie en ligne et changer de caisse. Comment bien changer, quelle franchise choisir, comment et quand r\u00e9silier ?\",\"breadcrumb\":{\"@id\":\"https:\/\/onezone.ch\/fr\/impots\/#breadcrumb\"},\"inLanguage\":\"fr-FR\",\"potentialAction\":[{\"@type\":\"ReadAction\",\"target\":[\"https:\/\/onezone.ch\/fr\/impots\/\"]}]},{\"@type\":\"BreadcrumbList\",\"@id\":\"https:\/\/onezone.ch\/fr\/impots\/#breadcrumb\",\"itemListElement\":[{\"@type\":\"ListItem\",\"position\":1,\"name\":\"Home\",\"item\":\"https:\/\/onezone.ch\/fr\/\"},{\"@type\":\"ListItem\",\"position\":2,\"name\":\"Imp\u00f4ts\"}]},{\"@type\":\"WebSite\",\"@id\":\"https:\/\/onezone.ch\/fr\/#website\",\"url\":\"https:\/\/onezone.ch\/fr\/\",\"name\":\"Versicherungs app - Versicherungsbroker Schweiz\",\"description\":\"versicherungs app, digitaler versicherungsmakler schweiz, autoversicherung, lebensversicherung, s\u00e4ule 3a, rechtsschutzversicherung, krankenkasse, reiseversicherung, mietkautionsversicherung, tierversicherung, hausratversicherung, privathaftpflicht versicherung, versicherungsbroker\",\"publisher\":{\"@id\":\"https:\/\/onezone.ch\/fr\/#organization\"},\"potentialAction\":[{\"@type\":\"SearchAction\",\"target\":{\"@type\":\"EntryPoint\",\"urlTemplate\":\"https:\/\/onezone.ch\/fr\/?s={search_term_string}\"},\"query-input\":{\"@type\":\"PropertyValueSpecification\",\"valueRequired\":true,\"valueName\":\"search_term_string\"}}],\"inLanguage\":\"fr-FR\"},{\"@type\":\"Organization\",\"@id\":\"https:\/\/onezone.ch\/fr\/#organization\",\"name\":\"oneZone Versicherung Schweiz\",\"url\":\"https:\/\/onezone.ch\/fr\/\",\"logo\":{\"@type\":\"ImageObject\",\"inLanguage\":\"fr-FR\",\"@id\":\"https:\/\/onezone.ch\/fr\/#\/schema\/logo\/image\/\",\"url\":\"https:\/\/onezone.ch\/wp-content\/uploads\/2022\/07\/onezone-logo-pos-RGB.svg\",\"contentUrl\":\"https:\/\/onezone.ch\/wp-content\/uploads\/2022\/07\/onezone-logo-pos-RGB.svg\",\"width\":1,\"height\":1,\"caption\":\"oneZone Versicherung Schweiz\"},\"image\":{\"@id\":\"https:\/\/onezone.ch\/fr\/#\/schema\/logo\/image\/\"},\"sameAs\":[\"https:\/\/www.facebook.com\/onezone.ch\/\",\"https:\/\/www.instagram.com\/oneZone.ch\/\",\"https:\/\/www.youtube.com\/channel\/UCkADqFvOChofZlL-UkA85mg\/featured\"]}]}<\/script>\n<!-- \/ Yoast SEO Premium plugin. -->","yoast_head_json":{"title":"Imp\u00f4ts - Versicherungs app - digitaler Versicherungsbroker Schweiz","description":"Comparer les primes des caisses maladie en ligne et changer de caisse. Comment bien changer, quelle franchise choisir, comment et quand r\u00e9silier ?","robots":{"index":"noindex","follow":"nofollow"},"og_locale":"fr_FR","og_type":"article","og_title":"Imp\u00f4ts","og_description":"Comparer les primes des caisses maladie en ligne et changer de caisse. Comment bien changer, quelle franchise choisir, comment et quand r\u00e9silier ?","og_url":"https:\/\/onezone.ch\/fr\/impots\/","og_site_name":"Versicherungs app - digitaler Versicherungsbroker Schweiz","article_publisher":"https:\/\/www.facebook.com\/onezone.ch\/","article_modified_time":"2023-08-07T08:42:49+00:00","og_image":[{"width":1640,"height":924,"url":"https:\/\/onezone.ch\/wp-content\/uploads\/2022\/09\/fb-bild-oneZone.png","type":"image\/png"}],"twitter_card":"summary_large_image","schema":{"@context":"https:\/\/schema.org","@graph":[{"@type":"WebPage","@id":"https:\/\/onezone.ch\/fr\/impots\/","url":"https:\/\/onezone.ch\/fr\/impots\/","name":"Imp\u00f4ts - Versicherungs app - digitaler Versicherungsbroker Schweiz","isPartOf":{"@id":"https:\/\/onezone.ch\/fr\/#website"},"datePublished":"2022-12-19T10:41:11+00:00","dateModified":"2023-08-07T08:42:49+00:00","description":"Comparer les primes des caisses maladie en ligne et changer de caisse. Comment bien changer, quelle franchise choisir, comment et quand r\u00e9silier ?","breadcrumb":{"@id":"https:\/\/onezone.ch\/fr\/impots\/#breadcrumb"},"inLanguage":"fr-FR","potentialAction":[{"@type":"ReadAction","target":["https:\/\/onezone.ch\/fr\/impots\/"]}]},{"@type":"BreadcrumbList","@id":"https:\/\/onezone.ch\/fr\/impots\/#breadcrumb","itemListElement":[{"@type":"ListItem","position":1,"name":"Home","item":"https:\/\/onezone.ch\/fr\/"},{"@type":"ListItem","position":2,"name":"Imp\u00f4ts"}]},{"@type":"WebSite","@id":"https:\/\/onezone.ch\/fr\/#website","url":"https:\/\/onezone.ch\/fr\/","name":"Versicherungs app - Versicherungsbroker Schweiz","description":"versicherungs app, digitaler versicherungsmakler schweiz, autoversicherung, lebensversicherung, s\u00e4ule 3a, rechtsschutzversicherung, krankenkasse, reiseversicherung, mietkautionsversicherung, tierversicherung, hausratversicherung, privathaftpflicht versicherung, versicherungsbroker","publisher":{"@id":"https:\/\/onezone.ch\/fr\/#organization"},"potentialAction":[{"@type":"SearchAction","target":{"@type":"EntryPoint","urlTemplate":"https:\/\/onezone.ch\/fr\/?s={search_term_string}"},"query-input":{"@type":"PropertyValueSpecification","valueRequired":true,"valueName":"search_term_string"}}],"inLanguage":"fr-FR"},{"@type":"Organization","@id":"https:\/\/onezone.ch\/fr\/#organization","name":"oneZone Versicherung Schweiz","url":"https:\/\/onezone.ch\/fr\/","logo":{"@type":"ImageObject","inLanguage":"fr-FR","@id":"https:\/\/onezone.ch\/fr\/#\/schema\/logo\/image\/","url":"https:\/\/onezone.ch\/wp-content\/uploads\/2022\/07\/onezone-logo-pos-RGB.svg","contentUrl":"https:\/\/onezone.ch\/wp-content\/uploads\/2022\/07\/onezone-logo-pos-RGB.svg","width":1,"height":1,"caption":"oneZone Versicherung Schweiz"},"image":{"@id":"https:\/\/onezone.ch\/fr\/#\/schema\/logo\/image\/"},"sameAs":["https:\/\/www.facebook.com\/onezone.ch\/","https:\/\/www.instagram.com\/oneZone.ch\/","https:\/\/www.youtube.com\/channel\/UCkADqFvOChofZlL-UkA85mg\/featured"]}]}},"_links":{"self":[{"href":"https:\/\/onezone.ch\/fr\/wp-json\/wp\/v2\/pages\/6637","targetHints":{"allow":["GET"]}}],"collection":[{"href":"https:\/\/onezone.ch\/fr\/wp-json\/wp\/v2\/pages"}],"about":[{"href":"https:\/\/onezone.ch\/fr\/wp-json\/wp\/v2\/types\/page"}],"author":[{"embeddable":true,"href":"https:\/\/onezone.ch\/fr\/wp-json\/wp\/v2\/users\/2"}],"replies":[{"embeddable":true,"href":"https:\/\/onezone.ch\/fr\/wp-json\/wp\/v2\/comments?post=6637"}],"version-history":[{"count":3,"href":"https:\/\/onezone.ch\/fr\/wp-json\/wp\/v2\/pages\/6637\/revisions"}],"predecessor-version":[{"id":13790,"href":"https:\/\/onezone.ch\/fr\/wp-json\/wp\/v2\/pages\/6637\/revisions\/13790"}],"wp:attachment":[{"href":"https:\/\/onezone.ch\/fr\/wp-json\/wp\/v2\/media?parent=6637"}],"curies":[{"name":"wp","href":"https:\/\/api.w.org\/{rel}","templated":true}]}}