{"id":6641,"date":"2023-01-17T16:52:15","date_gmt":"2023-01-17T15:52:15","guid":{"rendered":"https:\/\/onezone.ch\/calculer-les-hypotheques\/"},"modified":"2023-08-10T09:32:58","modified_gmt":"2023-08-10T07:32:58","slug":"hypotheque","status":"publish","type":"page","link":"https:\/\/onezone.ch\/fr\/hypotheque\/","title":{"rendered":"Calculer les hypoth\u00e8ques"},"content":{"rendered":"\n\n<section id=\"res-header-image-block_742bcb0a351144a065979ebb3d79498e\" class=\"res-block res-header-image alignfull \">\n  <div class=\"res-header-img-outside mb-5\" data-aos=\"res-fadeIn\">\n\t<div class=\"res-header-height\">\n\t\t\n\t\n\t  <style> \n\t\t  @media only screen and (min-width: 970px) {\n\t\t\t #res-header-image-block_742bcb0a351144a065979ebb3d79498e.res-header-image .layout-1.header-img-height { height: 66vh;}  \n\t\t\t #res-header-image-block_742bcb0a351144a065979ebb3d79498e.res-header-image .layout-1 .res-header-image-vertical-center { top: 66%;} \n\t\t\t  \t\t\t  \n\t\t\t  \n\t\t  }\n\t\t  @media only screen and (max-width: 970px) {  \n\t\t\t#res-header-image-block_742bcb0a351144a065979ebb3d79498e.res-header-image .layout-1.header-img-height { height: 55vh;} \n\t\t\t  \n\t\t\t  \n\t\t\t    #res-header-image-block_742bcb0a351144a065979ebb3d79498e.res-header-image .layout-1 .res-header-image-vertical-center { top: 55%;}\t\t\t  \t\t  }\n\t\t  \t  <\/style> \n\t\t\n\t  <div class=\"layout-1 jarallax header-img-height\" data-speed=\"0.6\" style=\"couleur de fond : #000;\">\n\t\t  \n\t\t\t\t<div class=\"res-header-image-vertical-center\">\n\t\t\t\t\t<div class=\"container-fluid\">\n\t\t\t\t\t\t\n\t\t\t\t\t\t<div class=\"sloganBox\">\n                           <div class=\"row\">\n                             <div class=\"col col-md-8 text-left\">\n\t\t\t\t\t\t\t\t <div class=\"\" data-aos=\"res-leftIncoming\" (en anglais)>\n\t\t\t\t\t\t\t\t \n                                \t\n\t\t\t\t\t\t\t\t \n                                  \n\t\t\t\t\t\t\t\t \t<h2>Calculer son hypoth\u00e8que en ligne<\/h2>\n                                \t\t\t\t\t\t\t\t \n                                \t\n\t\t\t\t\t\t\t\t \n\t\t\t\t\t\t\t\t\t\t\t\t\t\t\t\t  <p>Calcule rapidement et facilement ton hypoth\u00e8que avec seulement quelques donn\u00e9es.<\/p>\n\t\t\t\t\t\t\t\t\t\n\n\t\t\t\t\t\t\t\t \t\t\t\t\t\t\t\t \n\t\t\t\t\t\t\t\t\t<\/div>\n\t\t\t\t                 <\/div>\n\t\t\t\t\t\t\t<\/div>\n\t\t\t\t\t\t<\/div>\n\n\t\t\t\t\t<\/div>\n\t\t\t\t<\/div>\n\t\t\t\t\n\t\t\t\t\t\t<img decoding=\"async\" class=\"jarallax-img img-fluid\" src=\"https:\/\/onezone.ch\/wp-content\/uploads\/2023\/01\/living_room_design_2-wallpaper-1280x800-1-1920x1080.jpg\" alt=\"Assurance garantie de loyer\"  style=\"opacity: 0.9;\" \/>\n\t\t    \t\t  \n\t\t\t\t\t  \n\t\t   <\/div>\n\t\t\t \n\t \n\n\n\t\t<\/div>\n\t<\/div>\n<\/section>\t\n\n<p><iframe src=https:\/\/www.hypoteq.ch\/calculator?UID=32E03313A42795A4939A61B113AA4805&#038;lang=fr id=\"hypoteqFrame\" frameborder=\"0\" style=\"width:1px;min-width:100%\"><\/iframe><br \/>\n<script src=https:\/\/www.hypoteq.ch\/calculatorWidget\/dist\/calc.init.js><\/script><\/p>\n\n\n\n\n<section id=\"res-text-bild-block_ab2c73cf0245e3994175acb34a86aa56\" class=\"res-block res-text-bild alignfull layout01 py-5 Grau \t\" style=\"background-color: #eeeff6;\">\n  <div class=\"inner-container container-off\" data-aos=\"res-fadeIn\">\n\n\t\t\t  <style>\n\t\t\t @media only screen and (min-width: 970px) {\n\t\t\t  #res-text-bild-block_ab2c73cf0245e3994175acb34a86aa56.res-text-bild .layout-1 .txt-imagebox.offset-md-1 {margin-left: 3%;}\n\t\t\t  #res-text-bild-block_ab2c73cf0245e3994175acb34a86aa56.res-text-bild .layout-1 .txt-box.offset-md-1 {margin-left: 3%;}\n\t\t\t}\n\t\t\t \n\t\t  <\/style>\n\n\n        <div class=\"layout-1 row flex-row-reverse \">\n\t\t\t<div class=\"col-md-7 txt-box offset-md-1\">\n\n\n\t\t\t\n\t\t\t\t\t\t\t\t\t<h2>Comment fonctionne la Bourse aux Hypoth\u00e8ques<\/h2>\n\t\t\t\t\n\t\t\t\t\t\t\t\t   <h3 class=\"pb-1\">La calculatrice hypoth\u00e9caire<\/h3>\n\t\t\t\t\n\t\t\t\t <div class=\"txt-text postContent pt-2 pt-md-2\">\n\t\t\t\t\t\t\t\t\t\t  <p>Le calculateur d&rsquo;hypoth\u00e8ques te donne une id\u00e9e <strong>des taux d&rsquo;int\u00e9r\u00eat<\/strong> offerts \u00e0 nos clients en fonction de leur solvabilit\u00e9.<br \/>\nEnsuite, tu peux faire une demande et nous t&rsquo;enverrons un document contenant les informations dont nous avons besoin pour \u00e9tablir une offre ferme.<br \/>\nSi tu es d&rsquo;accord avec l&rsquo;offre, on passe directement \u00e0 la conclusion et d\u00e8s que la banque l&rsquo;a v\u00e9rifi\u00e9e et accept\u00e9e, le paiement est effectu\u00e9 (il dure en g\u00e9n\u00e9ral 30 jours).<br \/>\nNous proposons \u00e9galement des hypoth\u00e8ques de compagnies d&rsquo;assurance et de caisses de pension.<\/p>\n\t\t\t\t\t\n\t\t\t\t\t \n\t\t\t\t\t\n\t\t\t\t<\/div>\n\n\n\t\t\t<\/div>\n\n\t\t\t<div class=\"col-md mb-2 mt-md-1 txt-imagebox \">\n\t\t\t\t\n\t\t\t\t\t\t\t\t\t\t<img fetchpriority=\"high\" decoding=\"async\" width=\"1000\" height=\"750\" src=\"https:\/\/onezone.ch\/wp-content\/uploads\/2023\/01\/unternehmen-versichern-1000x750.jpg\" class=\"img-fluid w-100 txt-img\" alt=\"conseiller num\u00e9rique et personnel\" \/>\t\t\t\t\t\t\t<\/div>\n\n\t\t<\/div>\n\n\n\t\n\t<\/div>\n<\/section>\n\n\n\n\n<p><\/p>\n\n\n\r\n\r\n<section id=\"res-txt-block_0df7a14a5f129b3008fe67b1f03d9067\" class=\"res-block res-txt alignfull layout01 py-4 Transparent\" style=\"background: transparent;\">\r\n  <div class=\"inner-container container-fluid\" data-aos=\"res-fadeIn\">\r\n \r\n\t\t  \r\n\t\t \t  \r\n      \r\n      <div class=\"layout-1 txt-section\">\r\n\t\t<div class=\"row\">\t\r\n\t\t\t\r\n\t\t\r\n\t\t\t<div class=\"col-md-10 var-1spalten mx-auto text-center\">\r\n\t\t\t\t\r\n\t\t\t\t<div class=\"txt-title-field\">\r\n\t\r\n\t\t\t\t\t\r\n\r\n\t\t\t\t  \r\n\t\t\t\t\t<h2>Taux d&rsquo;int\u00e9r\u00eat actuels pour les hypoth\u00e8ques en Suisse<\/h2>\r\n\t\t\t\t\r\n\t\t\t\t \r\n\t\t\t\t   <h3>Le moment est venu de devenir propri\u00e9taire de votre logement avec une hypoth\u00e8que avantageuse<\/h3>\r\n\t\t\t\t\t\r\n\t\t\t\t\t \r\n\t\t\t\t\t<\/div> \r\n\t\t\t\t\t\r\n\t\t\t\t\t<div class=\"txt-textfield postContent pt-md-2\">\r\n\t\t\t\t\t\t\t\t\t\t  <h2 style=\"text-align: center\"><span style=\"font-size: 14pt;color: #009bb9\"><strong>Taux d&rsquo;int\u00e9r\u00eat hypoth\u00e9caires actuels en Suisse (\u00e9tat au 03.07.2023) :<\/strong><\/span><\/h2>\n<table class=\"table aligncenter\">\n<tbody>\n<tr>\n<td style=\"width: 130px\"><\/td>\n<td style=\"width: 130px\"><strong>AAA<\/strong><\/td>\n<td style=\"width: 130px\"><strong>AA<\/strong><\/td>\n<td style=\"width: 130px\"><strong>A<\/strong><\/td>\n<td style=\"width: 130px\"><strong>BBB<\/strong><\/td>\n<\/tr>\n<tr>\n<td style=\"width: 130px\"><\/td>\n<td style=\"width: 130px\"><strong>(20% | 50%)<\/strong><\/td>\n<td style=\"width: 130px\"><strong>(25% | 66%)<\/strong><\/td>\n<td style=\"width: 130px\"><strong>(30% | 70%)<\/strong><\/td>\n<td style=\"width: 130px\"><strong>(35% | 80%)<\/strong><\/td>\n<\/tr>\n<tr>\n<td style=\"width: 130px\"><strong>Saron<\/strong><\/td>\n<td style=\"width: 130px\"><strong>0.60%<\/strong><\/td>\n<td style=\"width: 130px\"><strong>0.62%<\/strong><\/td>\n<td style=\"width: 130px\"><strong>0.70%<\/strong><\/td>\n<td style=\"width: 130px\"><strong>1.10%<\/strong><\/td>\n<\/tr>\n<tr>\n<td style=\"width: 130px\"><strong>3Y<\/strong><\/td>\n<td style=\"width: 130px\"><strong>2.45%<\/strong><\/td>\n<td style=\"width: 130px\"><strong>2.50%<\/strong><\/td>\n<td style=\"width: 130px\"><strong>2.58%<\/strong><\/td>\n<td style=\"width: 130px\"><strong>2.70%<\/strong><\/td>\n<\/tr>\n<tr>\n<td style=\"width: 130px\"><strong>5Y<\/strong><\/td>\n<td style=\"width: 130px\"><strong>2.40%<\/strong><\/td>\n<td style=\"width: 130px\"><strong>2.42%<\/strong><\/td>\n<td style=\"width: 130px\"><strong>2.49%<\/strong><\/td>\n<td style=\"width: 130px\"><strong>2.64%<\/strong><\/td>\n<\/tr>\n<tr>\n<td style=\"width: 130px\"><strong>7Y<\/strong><\/td>\n<td style=\"width: 130px\"><strong>2.36%<\/strong><\/td>\n<td style=\"width: 130px\"><strong>2.38%<\/strong><\/td>\n<td style=\"width: 130px\"><strong>2.45%<\/strong><\/td>\n<td style=\"width: 130px\"><strong>2.60%<\/strong><\/td>\n<\/tr>\n<tr>\n<td style=\"width: 130px\"><strong>10Y<\/strong><\/td>\n<td style=\"width: 130px\"><strong>2.36%<\/strong><\/td>\n<td style=\"width: 130px\"><strong>2.38%<\/strong><\/td>\n<td style=\"width: 130px\"><strong>2.45%<\/strong><\/td>\n<td style=\"width: 130px\"><strong>2.60%<\/strong><\/td>\n<\/tr>\n<tr>\n<td style=\"width: 130px\"><strong>15Y<\/strong><\/td>\n<td style=\"width: 130px\"><strong>2.48%<\/strong><\/td>\n<td style=\"width: 130px\"><strong>2.50%<\/strong><\/td>\n<td style=\"width: 130px\"><strong>2.57%<\/strong><\/td>\n<td style=\"width: 130px\"><strong>2.72%<\/strong><\/td>\n<\/tr>\n<tr>\n<td style=\"width: 130px\"><strong>20Y<\/strong><\/td>\n<td style=\"width: 130px\"><strong>2.61%<\/strong><\/td>\n<td style=\"width: 130px\"><strong>2.62%<\/strong><\/td>\n<td style=\"width: 130px\"><strong>2.77%<\/strong><\/td>\n<td style=\"width: 130px\"><strong>2.82%<\/strong><\/td>\n<\/tr>\n<tr>\n<td style=\"width: 130px\"><strong>25Y<\/strong><\/td>\n<td style=\"width: 130px\"><strong>2.55%<\/strong><\/td>\n<td style=\"width: 130px\"><strong>2.56%<\/strong><\/td>\n<td style=\"width: 130px\"><strong>2.71%<\/strong><\/td>\n<td style=\"width: 130px\"><strong>2.76%<\/strong><\/td>\n<\/tr>\n<\/tbody>\n<\/table>\n<p style=\"text-align: center\">AAA = notation<br \/>\n20% = capacit\u00e9 de charge \/ Analyse Charges-Revenus \/ Sopportabilit\u00e0<br \/>\n50% = Belehnung \/ Taux d&rsquo;avance \/ Tasso d&rsquo;anticipo<\/p>\n<p style=\"text-align: center\">Regionale Beschr\u00e4nkungen m\u00f6glich \/ Restrictions r\u00e9gionales possibles \/ limitazioni regionali possibili<\/p>\n\t\t\t\t\t\t\t\r\n\t\t\t\t\t<\/div> \r\n\t\t\t\t\t\r\n\t\t\t\t\t <div class=\"txt-textfield-btns pt-2 \">\r\n\t\t\t\t\t\t  \r\n\t\t\t\t\t<\/div> \r\n\t\t\t\t\r\n\t\t\t\t\t\t\r\n\t\r\n\t\t\t\t<\/div>\r\n\r\n\t\t \r\n\t\t\t\r\n\t\t\t\r\n\t\t\t\r\n\r\n\t\t\t\t\t\r\n\t\t <\/div> \t\r\n\t\t<\/div>\r\n\t \r\n\t  \r\n \r\n \r\n\t<\/div>\r\n<\/section>\r\n\r\n","protected":false},"excerpt":{"rendered":"","protected":false},"author":2,"featured_media":0,"parent":0,"menu_order":0,"comment_status":"closed","ping_status":"closed","template":"","meta":{"_acf_changed":false,"footnotes":""},"class_list":["post-6641","page","type-page","status-publish","hentry"],"acf":[],"yoast_head":"<!-- This site is optimized with the Yoast SEO Premium plugin v23.6 (Yoast SEO v27.1.1) - https:\/\/yoast.com\/product\/yoast-seo-premium-wordpress\/ -->\n<title>Calculer les hypoth\u00e8ques - Versicherungs app - digitaler Versicherungsbroker Schweiz<\/title>\n<meta name=\"description\" content=\"Calculez directement votre hypoth\u00e8que en ligne et si le tarif vous convient, vous pouvez d\u00e9j\u00e0 commander une offre en fournissant de simples informations.\" \/>\n<meta name=\"robots\" content=\"index, follow, max-snippet:-1, max-image-preview:large, max-video-preview:-1\" \/>\n<link rel=\"canonical\" href=\"https:\/\/onezone.ch\/fr\/hypotheque\/\" \/>\n<meta property=\"og:locale\" content=\"fr_FR\" \/>\n<meta property=\"og:type\" content=\"article\" \/>\n<meta property=\"og:title\" content=\"Calculer les hypoth\u00e8ques\" \/>\n<meta property=\"og:description\" content=\"Calculez directement votre hypoth\u00e8que en ligne et si le tarif vous convient, vous pouvez d\u00e9j\u00e0 commander une offre en fournissant de simples informations.\" \/>\n<meta property=\"og:url\" content=\"https:\/\/onezone.ch\/fr\/hypotheque\/\" \/>\n<meta property=\"og:site_name\" content=\"Versicherungs app - digitaler Versicherungsbroker Schweiz\" \/>\n<meta property=\"article:publisher\" content=\"https:\/\/www.facebook.com\/onezone.ch\/\" \/>\n<meta property=\"article:modified_time\" content=\"2023-08-10T07:32:58+00:00\" \/>\n<meta property=\"og:image\" content=\"https:\/\/onezone.ch\/wp-content\/uploads\/2022\/09\/fb-bild-oneZone.png\" \/>\n\t<meta property=\"og:image:width\" content=\"1640\" \/>\n\t<meta property=\"og:image:height\" content=\"924\" \/>\n\t<meta property=\"og:image:type\" content=\"image\/png\" \/>\n<meta name=\"twitter:card\" content=\"summary_large_image\" \/>\n<script type=\"application\/ld+json\" class=\"yoast-schema-graph\">{\"@context\":\"https:\/\/schema.org\",\"@graph\":[{\"@type\":\"WebPage\",\"@id\":\"https:\/\/onezone.ch\/fr\/hypotheque\/\",\"url\":\"https:\/\/onezone.ch\/fr\/hypotheque\/\",\"name\":\"Calculer les hypoth\u00e8ques - Versicherungs app - digitaler Versicherungsbroker Schweiz\",\"isPartOf\":{\"@id\":\"https:\/\/onezone.ch\/fr\/#website\"},\"datePublished\":\"2023-01-17T15:52:15+00:00\",\"dateModified\":\"2023-08-10T07:32:58+00:00\",\"description\":\"Calculez directement votre hypoth\u00e8que en ligne et si le tarif vous convient, vous pouvez d\u00e9j\u00e0 commander une offre en fournissant de simples informations.\",\"breadcrumb\":{\"@id\":\"https:\/\/onezone.ch\/fr\/hypotheque\/#breadcrumb\"},\"inLanguage\":\"fr-FR\",\"potentialAction\":[{\"@type\":\"ReadAction\",\"target\":[\"https:\/\/onezone.ch\/fr\/hypotheque\/\"]}]},{\"@type\":\"BreadcrumbList\",\"@id\":\"https:\/\/onezone.ch\/fr\/hypotheque\/#breadcrumb\",\"itemListElement\":[{\"@type\":\"ListItem\",\"position\":1,\"name\":\"Home\",\"item\":\"https:\/\/onezone.ch\/fr\/\"},{\"@type\":\"ListItem\",\"position\":2,\"name\":\"Calculer les hypoth\u00e8ques\"}]},{\"@type\":\"WebSite\",\"@id\":\"https:\/\/onezone.ch\/fr\/#website\",\"url\":\"https:\/\/onezone.ch\/fr\/\",\"name\":\"Versicherungs app - Versicherungsbroker Schweiz\",\"description\":\"versicherungs app, digitaler versicherungsmakler schweiz, autoversicherung, lebensversicherung, s\u00e4ule 3a, rechtsschutzversicherung, krankenkasse, reiseversicherung, mietkautionsversicherung, tierversicherung, hausratversicherung, privathaftpflicht versicherung, versicherungsbroker\",\"publisher\":{\"@id\":\"https:\/\/onezone.ch\/fr\/#organization\"},\"potentialAction\":[{\"@type\":\"SearchAction\",\"target\":{\"@type\":\"EntryPoint\",\"urlTemplate\":\"https:\/\/onezone.ch\/fr\/?s={search_term_string}\"},\"query-input\":{\"@type\":\"PropertyValueSpecification\",\"valueRequired\":true,\"valueName\":\"search_term_string\"}}],\"inLanguage\":\"fr-FR\"},{\"@type\":\"Organization\",\"@id\":\"https:\/\/onezone.ch\/fr\/#organization\",\"name\":\"oneZone Versicherung Schweiz\",\"url\":\"https:\/\/onezone.ch\/fr\/\",\"logo\":{\"@type\":\"ImageObject\",\"inLanguage\":\"fr-FR\",\"@id\":\"https:\/\/onezone.ch\/fr\/#\/schema\/logo\/image\/\",\"url\":\"https:\/\/onezone.ch\/wp-content\/uploads\/2022\/07\/onezone-logo-pos-RGB.svg\",\"contentUrl\":\"https:\/\/onezone.ch\/wp-content\/uploads\/2022\/07\/onezone-logo-pos-RGB.svg\",\"width\":1,\"height\":1,\"caption\":\"oneZone Versicherung Schweiz\"},\"image\":{\"@id\":\"https:\/\/onezone.ch\/fr\/#\/schema\/logo\/image\/\"},\"sameAs\":[\"https:\/\/www.facebook.com\/onezone.ch\/\",\"https:\/\/www.instagram.com\/oneZone.ch\/\",\"https:\/\/www.youtube.com\/channel\/UCkADqFvOChofZlL-UkA85mg\/featured\"]}]}<\/script>\n<!-- \/ Yoast SEO Premium plugin. -->","yoast_head_json":{"title":"Calculer les hypoth\u00e8ques - Versicherungs app - digitaler Versicherungsbroker Schweiz","description":"Calculez directement votre hypoth\u00e8que en ligne et si le tarif vous convient, vous pouvez d\u00e9j\u00e0 commander une offre en fournissant de simples informations.","robots":{"index":"index","follow":"follow","max-snippet":"max-snippet:-1","max-image-preview":"max-image-preview:large","max-video-preview":"max-video-preview:-1"},"canonical":"https:\/\/onezone.ch\/fr\/hypotheque\/","og_locale":"fr_FR","og_type":"article","og_title":"Calculer les hypoth\u00e8ques","og_description":"Calculez directement votre hypoth\u00e8que en ligne et si le tarif vous convient, vous pouvez d\u00e9j\u00e0 commander une offre en fournissant de simples informations.","og_url":"https:\/\/onezone.ch\/fr\/hypotheque\/","og_site_name":"Versicherungs app - digitaler Versicherungsbroker Schweiz","article_publisher":"https:\/\/www.facebook.com\/onezone.ch\/","article_modified_time":"2023-08-10T07:32:58+00:00","og_image":[{"width":1640,"height":924,"url":"https:\/\/onezone.ch\/wp-content\/uploads\/2022\/09\/fb-bild-oneZone.png","type":"image\/png"}],"twitter_card":"summary_large_image","schema":{"@context":"https:\/\/schema.org","@graph":[{"@type":"WebPage","@id":"https:\/\/onezone.ch\/fr\/hypotheque\/","url":"https:\/\/onezone.ch\/fr\/hypotheque\/","name":"Calculer les hypoth\u00e8ques - Versicherungs app - digitaler Versicherungsbroker Schweiz","isPartOf":{"@id":"https:\/\/onezone.ch\/fr\/#website"},"datePublished":"2023-01-17T15:52:15+00:00","dateModified":"2023-08-10T07:32:58+00:00","description":"Calculez directement votre hypoth\u00e8que en ligne et si le tarif vous convient, vous pouvez d\u00e9j\u00e0 commander une offre en fournissant de simples informations.","breadcrumb":{"@id":"https:\/\/onezone.ch\/fr\/hypotheque\/#breadcrumb"},"inLanguage":"fr-FR","potentialAction":[{"@type":"ReadAction","target":["https:\/\/onezone.ch\/fr\/hypotheque\/"]}]},{"@type":"BreadcrumbList","@id":"https:\/\/onezone.ch\/fr\/hypotheque\/#breadcrumb","itemListElement":[{"@type":"ListItem","position":1,"name":"Home","item":"https:\/\/onezone.ch\/fr\/"},{"@type":"ListItem","position":2,"name":"Calculer les hypoth\u00e8ques"}]},{"@type":"WebSite","@id":"https:\/\/onezone.ch\/fr\/#website","url":"https:\/\/onezone.ch\/fr\/","name":"Versicherungs app - Versicherungsbroker Schweiz","description":"versicherungs app, digitaler versicherungsmakler schweiz, autoversicherung, lebensversicherung, s\u00e4ule 3a, rechtsschutzversicherung, krankenkasse, reiseversicherung, mietkautionsversicherung, tierversicherung, hausratversicherung, privathaftpflicht versicherung, versicherungsbroker","publisher":{"@id":"https:\/\/onezone.ch\/fr\/#organization"},"potentialAction":[{"@type":"SearchAction","target":{"@type":"EntryPoint","urlTemplate":"https:\/\/onezone.ch\/fr\/?s={search_term_string}"},"query-input":{"@type":"PropertyValueSpecification","valueRequired":true,"valueName":"search_term_string"}}],"inLanguage":"fr-FR"},{"@type":"Organization","@id":"https:\/\/onezone.ch\/fr\/#organization","name":"oneZone Versicherung Schweiz","url":"https:\/\/onezone.ch\/fr\/","logo":{"@type":"ImageObject","inLanguage":"fr-FR","@id":"https:\/\/onezone.ch\/fr\/#\/schema\/logo\/image\/","url":"https:\/\/onezone.ch\/wp-content\/uploads\/2022\/07\/onezone-logo-pos-RGB.svg","contentUrl":"https:\/\/onezone.ch\/wp-content\/uploads\/2022\/07\/onezone-logo-pos-RGB.svg","width":1,"height":1,"caption":"oneZone Versicherung Schweiz"},"image":{"@id":"https:\/\/onezone.ch\/fr\/#\/schema\/logo\/image\/"},"sameAs":["https:\/\/www.facebook.com\/onezone.ch\/","https:\/\/www.instagram.com\/oneZone.ch\/","https:\/\/www.youtube.com\/channel\/UCkADqFvOChofZlL-UkA85mg\/featured"]}]}},"_links":{"self":[{"href":"https:\/\/onezone.ch\/fr\/wp-json\/wp\/v2\/pages\/6641","targetHints":{"allow":["GET"]}}],"collection":[{"href":"https:\/\/onezone.ch\/fr\/wp-json\/wp\/v2\/pages"}],"about":[{"href":"https:\/\/onezone.ch\/fr\/wp-json\/wp\/v2\/types\/page"}],"author":[{"embeddable":true,"href":"https:\/\/onezone.ch\/fr\/wp-json\/wp\/v2\/users\/2"}],"replies":[{"embeddable":true,"href":"https:\/\/onezone.ch\/fr\/wp-json\/wp\/v2\/comments?post=6641"}],"version-history":[{"count":3,"href":"https:\/\/onezone.ch\/fr\/wp-json\/wp\/v2\/pages\/6641\/revisions"}],"predecessor-version":[{"id":14653,"href":"https:\/\/onezone.ch\/fr\/wp-json\/wp\/v2\/pages\/6641\/revisions\/14653"}],"wp:attachment":[{"href":"https:\/\/onezone.ch\/fr\/wp-json\/wp\/v2\/media?parent=6641"}],"curies":[{"name":"wp","href":"https:\/\/api.w.org\/{rel}","templated":true}]}}