{"id":6689,"date":"2022-10-25T17:20:17","date_gmt":"2022-10-25T15:20:17","guid":{"rendered":"https:\/\/onezone.ch\/recommandez-lapplication-onezone-et-recevez-des-points-de-recompense\/"},"modified":"2023-07-31T15:15:46","modified_gmt":"2023-07-31T13:15:46","slug":"recommander","status":"publish","type":"page","link":"https:\/\/onezone.ch\/fr\/recommander\/","title":{"rendered":"Recommandez l&rsquo;application oneZone et recevez des points de r\u00e9compense !"},"content":{"rendered":"\n\n<section id=\"res-header-image-block_eab431f11537225490910bd4d9d1300e\" class=\"res-block res-header-image alignfull \">\n  <div class=\"res-header-img-outside mb-5\" data-aos=\"res-fadeIn\">\n\t<div class=\"res-header-height\">\n\t\t\n\t\n\t  <style> \n\t\t  @media only screen and (min-width: 970px) {\n\t\t\t #res-header-image-block_eab431f11537225490910bd4d9d1300e.res-header-image .layout-1.header-img-height { height: 66vh;}  \n\t\t\t #res-header-image-block_eab431f11537225490910bd4d9d1300e.res-header-image .layout-1 .res-header-image-vertical-center { top: 66%;} \n\t\t\t  \t\t\t  \n\t\t\t  \n\t\t  }\n\t\t  @media only screen and (max-width: 970px) {  \n\t\t\t#res-header-image-block_eab431f11537225490910bd4d9d1300e.res-header-image .layout-1.header-img-height { height: 55vh;} \n\t\t\t  \n\t\t\t  \n\t\t\t    #res-header-image-block_eab431f11537225490910bd4d9d1300e.res-header-image .layout-1 .res-header-image-vertical-center { top: 55%;}\t\t\t  \t\t  }\n\t\t  \t  <\/style> \n\t\t\n\t  <div class=\"layout-1 jarallax header-img-height\" data-speed=\"0.6\" style=\"couleur de fond : #000;\">\n\t\t  \n\t\t\t\t<div class=\"res-header-image-vertical-center\">\n\t\t\t\t\t<div class=\"container-fluid\">\n\t\t\t\t\t\t\n\t\t\t\t\t\t<div class=\"sloganBox\">\n                           <div class=\"row\">\n                             <div class=\"col col-md-8 text-left\">\n\t\t\t\t\t\t\t\t <div class=\"\" data-aos=\"res-leftIncoming\" (en anglais)>\n\t\t\t\t\t\t\t\t \n                                \t\n\t\t\t\t\t\t\t\t \n                                  \n\t\t\t\t\t\t\t\t \t<h2>Recommander \u00e0 un ami  <br \/>\net recevoir des points de r\u00e9compense !  <\/h2>\n                                \t\t\t\t\t\t\t\t \n                                \t\n\t\t\t\t\t\t\t\t \n\t\t\t\t\t\t\t\t\t\n\n\t\t\t\t\t\t\t\t \t\t\t\t\t\t\t\t \n\t\t\t\t\t\t\t\t\t<\/div>\n\t\t\t\t                 <\/div>\n\t\t\t\t\t\t\t<\/div>\n\t\t\t\t\t\t<\/div>\n\n\t\t\t\t\t<\/div>\n\t\t\t\t<\/div>\n\t\t\t\t\n\t\t\t\t\t\t<img decoding=\"async\" class=\"jarallax-img img-fluid\" src=\"https:\/\/onezone.ch\/wp-content\/uploads\/2023\/04\/Richtig-Mann-mit-Tattto-gewinn.png\" alt=\"Homme avec tatouage heureux de gagner\"  style=\"opacity: 0.9;\" \/>\n\t\t    \t\t  \n\t\t\t\t\t  \n\t\t   <\/div>\n\t\t\t \n\t \n\n\n\t\t<\/div>\n\t<\/div>\n<\/section>\t\n\n\n<div style=\"height:17px\" aria-hidden=\"true\" class=\"wp-block-spacer\"><\/div>\n\n\n\n\n<section id=\"res-text-bild-block_6fdeae968a9d05931f634a6f492238c3\" class=\"res-block res-text-bild alignfull layout01 py-4 Transparent hintergrund-rechts\t\" style=\"background: transparent;\">\n  <div class=\"inner-container container-off\" data-aos=\"res-fadeIn\">\n\n\t\t\t  <style>\n\t\t\t @media only screen and (min-width: 970px) {\n\t\t\t  #res-text-bild-block_6fdeae968a9d05931f634a6f492238c3.res-text-bild .layout-1 .txt-imagebox.offset-md-1 {margin-left: 3%;}\n\t\t\t  #res-text-bild-block_6fdeae968a9d05931f634a6f492238c3.res-text-bild .layout-1 .txt-box.offset-md-1 {margin-left: 3%;}\n\t\t\t}\n\t\t\t \n\t\t  <\/style>\n\n\n        <div class=\"layout-1 row flex-row-reverse \">\n\t\t\t<div class=\"col-md-6 txt-box offset-md-1\">\n\n\n\t\t\t\n\t\t\t\t\t\t\t\t\t<h2>Recommandez maintenant et gagnez des points<\/h2>\n\t\t\t\t\n\t\t\t\t\n\t\t\t\t <div class=\"txt-text postContent pt-2 pt-md-2\">\n\t\t\t\t\t\t\t\t\t\t  <p>Tu es \u00e9galement enthousiasm\u00e9 par l&rsquo;application oneZone ? Alors recommande-nous et gagne des points de r\u00e9compense !<br \/>\nAvec chaque personne qui s&rsquo;inscrit chez nous, tu re\u00e7ois des points de r\u00e9compense &#8211; plus tu nous apportes <strong>de nouveaux clients<\/strong>, plus tu <strong>es<\/strong> <strong>r\u00e9compens\u00e9<\/strong>.<\/p>\n\t\t\t\t\t\n\t\t\t\t\t \t\t\t\t\t\t\t\t\t\t\t\t\t<a class=\"btn  btn-primary \" href=\"#formulaire-recommander\" target=\"_self\">vers le formulaire<\/a>\n\t\t\t\t\t\t\t\t\t\t\t\n\t\t\t\t\t\n\t\t\t\t<\/div>\n\n\n\t\t\t<\/div>\n\n\t\t\t<div class=\"col-md mb-2 mt-md-1 txt-imagebox \">\n\t\t\t\t\n\t\t\t\t\t\t\t\t\t\t<img fetchpriority=\"high\" decoding=\"async\" width=\"1000\" height=\"750\" src=\"https:\/\/onezone.ch\/wp-content\/uploads\/2023\/04\/junge-lachende-Frau-OK-1000x750.jpg\" class=\"img-fluid w-100 txt-img\" alt=\"Parfait et pr\u00e9cis\" \/>\t\t\t\t\t\t\t<\/div>\n\n\t\t<\/div>\n\n\n\t\n\t<\/div>\n<\/section>\n\n\n\n\r\n<section id=\"res-icons-text-block_9573890087a47b099991c4fe42bae0b7\" class=\"res-block res-icons-text alignfull py-3 \" style=\"background : transparent;\">\r\n  <div class=\"inner-container container-off\" data-aos=\"res-fadeIn\">\r\n\t  \r\n\t  <style>\r\n\t\t  #res-icons-text-block_9573890087a47b099991c4fe42bae0b7.res-icons-text .iconbox-bottom { margin-bottom:2%;}\r\n\t\t  #res-icons-text-block_9573890087a47b099991c4fe42bae0b7.res-icons-text .iconbox-side { margin-right:5%;}\r\n\t\t  #res-icons-text-block_9573890087a47b099991c4fe42bae0b7.res-icons-text .iconbox { font-size:90%; line-height: 150%;} \r\n\t  <\/style> \r\n\r\n <div class=\"icons-text-layout row row-cols-1 row-cols-md-3 no-gutters\">\r\n\t \r\n     \r\n      <div class=\"col-md iconbox-bottom\"> \r\n\t\t<div class=\"iconbox iconbox-side h-100 bg-light p-2\">\r\n\t\t  \r\n          <div class=\"row row-cols-2\">\r\n\t  \r\n\t\t\t   \r\n\t\t\t\t<div class=\"col-10 icons-txt-content col-md-10\">\r\n\t\t\t\t\t<h3 style=\"text-align: center\"><strong>\u00c9tape 1<\/strong><\/h3>\n<p style=\"text-align: center\">Communique-nous les <strong>coordonn\u00e9es<\/strong> de la personne \u00e0 qui tu souhaites recommander oneZone.<\/p>\n\t\t\t\t\r\n\t\t\t\t<\/div>\r\n\t\t\t\t  \r\n\t\t\t<\/div>\r\n\t\t\t\r\n          <\/div>\r\n      <\/div>\r\n\r\n\t  \r\n      \r\n      <div class=\"col-md iconbox-bottom\"> \r\n\t\t<div class=\"iconbox iconbox-side h-100 bg-light p-2\">\r\n\t\t  \r\n          <div class=\"row row-cols-2\">\r\n\t  \r\n\t\t\t   \r\n\t\t\t\t<div class=\"col-10 icons-txt-content col-md-10\">\r\n\t\t\t\t\t<h3 style=\"text-align: center\"><strong>\u00c9tape 2<\/strong><\/h3>\n<p style=\"text-align: center\">Nous prenons contact avec la personne. Si la <strong>personne<\/strong> s&rsquo;inscrit sur oneZone et conclut le <strong>mandat<\/strong> (avec au moins 2 polices), nous cr\u00e9ditons tes points <strong>Reward<\/strong> sur ton profil.<\/p>\n\t\t\t\t\r\n\t\t\t\t<\/div>\r\n\t\t\t\t  \r\n\t\t\t<\/div>\r\n\t\t\t\r\n          <\/div>\r\n      <\/div>\r\n\r\n\t  \r\n      \r\n      <div class=\"col-md iconbox-bottom\"> \r\n\t\t<div class=\"iconbox iconbox-side h-100 bg-light p-2\">\r\n\t\t  \r\n          <div class=\"row row-cols-2\">\r\n\t  \r\n\t\t\t   \r\n\t\t\t\t<div class=\"col-10 icons-txt-content col-md-10\">\r\n\t\t\t\t\t<h3 style=\"text-align: center\"><strong>\u00c9tape 3<\/strong><\/h3>\n<p style=\"text-align: center\">Apr\u00e8s avoir re\u00e7u tes points de r\u00e9compense, tu peux choisir entre<strong> diff\u00e9rents prix<\/strong> et encaisser ta r\u00e9compense.<\/p>\n\t\t\t\t\r\n\t\t\t\t<\/div>\r\n\t\t\t\t  \r\n\t\t\t<\/div>\r\n\t\t\t\r\n          <\/div>\r\n      <\/div>\r\n\r\n\t  \r\n               <\/div>  \r\n\t  \r\n\t  \r\n\t<\/div>\r\n<\/section>\r\n\r\n\n\n\r\n\r\n<section id=\"res-txt-block_92096fcf57d22fcdc1c857114c166d37\" class=\"res-block res-txt alignfull layout01 py-4 Transparent\" style=\"background: transparent;\">\r\n  <div class=\"inner-container container-fluid\" data-aos=\"res-fadeIn\">\r\n \r\n\t\t  \r\n\t\t \t  \r\n      \r\n      <div class=\"layout-1 txt-section\">\r\n\t\t<div class=\"row\">\t\r\n\t\t\t\r\n\t\t\r\n\t\t\t<div class=\"col-md-10 var-1spalten text-left\">\r\n\t\t\t\t\r\n\t\t\t\t<div class=\"txt-title-field\">\r\n\t\r\n\t\t\t\t\t\r\n\r\n\t\t\t\t  \r\n\t\t\t\t\t<h2>Conditions  <\/h2>\r\n\t\t\t\t\r\n\t\t\t\t \r\n\t\t\t\t   <h3>Pour obtenir des points de r\u00e9compense<\/h3>\r\n\t\t\t\t\t\r\n\t\t\t\t\t \r\n\t\t\t\t\t<\/div> \r\n\t\t\t\t\t\r\n\t\t\t\t\t<div class=\"txt-textfield postContent pt-md-2\">\r\n\t\t\t\t\t\t\t\t\t\t  <p>Pour que les points de r\u00e9compense soient cr\u00e9dit\u00e9s sur ton compte, assure-toi que les conditions suivantes sont remplies :<\/p>\n<ul>\n<li><strong>Tu es client chez nous<\/strong> et tu as mandat\u00e9 au moins une assurance v\u00e9hicule \u00e0 moteur et une autre police chez nous.<\/li>\n<li>Le <strong>nouveau client signe un mandat<\/strong> chez nous <strong>avec au moins une assurance v\u00e9hicule \u00e0 moteur, plus une autre police<\/strong>.<\/li>\n<\/ul>\n\t\t\t\t\t\t\t\r\n\t\t\t\t\t<\/div> \r\n\t\t\t\t\t\r\n\t\t\t\t\t <div class=\"txt-textfield-btns pt-2 \">\r\n\t\t\t\t\t\t  \r\n\t\t\t\t\t<\/div> \r\n\t\t\t\t\r\n\t\t\t\t\t\t\r\n\t\r\n\t\t\t\t<\/div>\r\n\r\n\t\t \r\n\t\t\t\r\n\t\t\t\r\n\t\t\t\r\n\r\n\t\t\t\t\t\r\n\t\t <\/div> \t\r\n\t\t<\/div>\r\n\t \r\n\t  \r\n \r\n \r\n\t<\/div>\r\n<\/section>\r\n\r\n\n\n\r\n  \r\n\t<style>\r\n\t\t.link-anker-with-no-padding {padding: 0 !important;}\r\n  <\/style>\r\n\r\n<section id=\"formulaire-recommander\" class=\"res-block res-link-anker py-4  link-anker-with-no-padding\" style=\"background : transparent;\">\r\n  <div class=\"inner-container container-off\" data-aos=\"res-fadeIn\">\r\n\t\r\n\t\t\r\n\t  \r\n\r\n\t<\/div>\r\n<\/section>\n\n\r\n\r\n<section id=\"res-txt-block_b9ae3cecb3790f2b291cc9df5c0e31f8\" class=\"res-block res-txt layout01 py-4 Transparent\" style=\"background: transparent;\">\r\n  <div class=\"inner-container container-off\" data-aos=\"res-fadeIn\">\r\n \r\n\t\t  \r\n\t\t \t  \r\n      \r\n      <div class=\"layout-1 txt-section\">\r\n\t\t<div class=\"row\">\t\r\n\t\t\t\r\n\t\t\r\n\t\t\t<div class=\"col-md-10 var-1spalten text-left\">\r\n\t\t\t\t\r\n\t\t\t\t<div class=\"txt-title-field\">\r\n\t\r\n\t\t\t\t\t\r\n\r\n\t\t\t\t  \r\n\t\t\t\t\t<h2>\u00c0 qui nous recommanderas-tu ?<\/h2>\r\n\t\t\t\t\r\n\t\t\t\t\t\r\n\t\t\t\t\t \r\n\t\t\t\t\t<\/div> \r\n\t\t\t\t\t\r\n\t\t\t\t\t<div class=\"txt-textfield postContent pt-md-2\">\r\n\t\t\t\t\t\t\t\t\t\t  <form method=\"post\" enctype=\"multipart\/form-data\" id=\"vfbp-form-64\" onSubmit=\"gtag('event', 'formular-event', {event_category: 'kontaktformular-gesendet', event_action: 'btn-klickt'});\" class=\"vfbp-form\"><div style=\"display:none;\"><label for=\"vfbp-EMAIL-AN8fuQyoDLXem\">Si vous \u00eates humain, laissez ce champ vide.<\/label><input size=\"25\" autocomplete=\"off\" type=\"text\" name=\"vfbp-EMAIL-AN8fuQyoDLXem\" value=\"\" id=\"\"><\/div><input type=\"hidden\" name=\"_vfb-timestamp-64\" value=\"1776326735\" id=\"\"><input type=\"hidden\" name=\"_vfb-form-id\" value=\"64\" id=\"\"><div class=\"vfb-form-group vfb-col-12\"><div><div class=\"\">Coordonn\u00e9es de la personne \u00e0 laquelle tu recommande notre application<\/div><\/div><\/div><div class=\"vfb-col-12 vfb-fieldType-heading\" id=\"vfbField1293\"><\/div><div class=\"vfb-clearfix\"><\/div><div class=\"vfb-col-6 vfb-fieldType-text\" id=\"vfbField1294\"><div class=\"vfb-form-group\"><label for=\"vfb-field-1294\" class=\"vfb-control-label\">Nom <span class=\"vfb-required-asterisk\">*<\/span><\/label><div><input id=\"vfb-field-1294\" class=\"vfb-form-control\" placeholder=\"Nom*\" required=\"required\" type=\"text\" name=\"vfb-field-1294\" value=\"\"><\/div><\/div><\/div><div class=\"vfb-col-6 vfb-fieldType-text\" id=\"vfbField1295\"><div class=\"vfb-form-group\"><label for=\"vfb-field-1295\" class=\"vfb-control-label\">Pr\u00e9nom <span class=\"vfb-required-asterisk\">*<\/span><\/label><div><input id=\"vfb-field-1295\" class=\"vfb-form-control\" placeholder=\"Pr&eacute;nom*\" required=\"required\" type=\"text\" name=\"vfb-field-1295\" value=\"\"><\/div><\/div><\/div><div class=\"vfb-clearfix\"><\/div><div class=\"vfb-col-6 vfb-fieldType-email\" id=\"vfbField1296\"><div class=\"vfb-form-group\"><label for=\"vfb-field-1296\" class=\"vfb-control-label\">E-Mail <span class=\"vfb-required-asterisk\">*<\/span><\/label><div><input id=\"vfb-field-1296\" class=\"vfb-form-control\" placeholder=\"E-Mail*\" required=\"required\" type=\"email\" name=\"vfb-field-1296\" value=\"\"><\/div><\/div><\/div><div class=\"vfb-col-6 vfb-fieldType-text\" id=\"vfbField1297\"><div class=\"vfb-form-group\"><label for=\"vfb-field-1297\" class=\"vfb-control-label\">T\u00e9l\u00e9phone <span class=\"vfb-required-asterisk\">*<\/span><\/label><div><input id=\"vfb-field-1297\" class=\"vfb-form-control\" placeholder=\"T&eacute;l&eacute;phone*\" required=\"required\" type=\"text\" name=\"vfb-field-1297\" value=\"\"><\/div><\/div><\/div><div class=\"vfb-clearfix\"><\/div><div class=\"vfb-form-group vfb-col-12\"><div><div class=\"\">Qui est-ce qu&rsquo;on nous r\u00e9commande? \u00c9crive-nous s&rsquo;il vous pla\u00eet, ton adresse e-mail.<\/div><\/div><\/div><div class=\"vfb-col-12 vfb-fieldType-heading\" id=\"vfbField1298\"><\/div><div class=\"vfb-clearfix\"><\/div><div class=\"vfb-col-6 vfb-fieldType-email\" id=\"vfbField1299\"><div class=\"vfb-form-group\"><label for=\"vfb-field-1299\" class=\"vfb-control-label\">E-Mail <span class=\"vfb-required-asterisk\">*<\/span><\/label><div><input id=\"vfb-field-1299\" class=\"vfb-form-control\" placeholder=\"E-Mail*\" required=\"required\" type=\"email\" name=\"vfb-field-1299\" value=\"\"><\/div><\/div><\/div><div class=\"vfb-col-12 vfb-fieldType-textarea\" id=\"vfbField1300\"><div class=\"vfb-form-group\"><label for=\"vfb-field-1300\" class=\"vfb-control-label\">Est-ce que tu veux nous dire quelque chose?<\/label><div><textarea id=\"vfb-field-1300\" class=\"vfb-form-control\" placeholder=\"Message\" rows=\"10\" name=\"vfb-field-1300\" cols=\"50\"><\/textarea><\/div><\/div><\/div><div class=\"vfb-clearfix\"><\/div><div class=\"vfb-col-7 vfb-fieldType-captcha\" id=\"vfbField1301\"><div class=\"vfb-form-group\"><label for=\"vfb-field-1301\" class=\"vfb-control-label\"> <span class=\"vfb-required-asterisk\">*<\/span><\/label><div><div><\/div><input type=\"hidden\" name=\"_vfb_captcha_simple_enabled\" value=\"1\" id=\"\"><input id=\"vfb-field-1301\" class=\"vfb-form-control form-count\" placeholder=\"\" required=\"required\" data-vfb-required=\"1\" data-vfb-type=\"integer\" data-vfb-minlength=\"2\" data-vfb-maxlength=\"2\" type=\"text\" name=\"_vfb_captcha_simple-64\" value=\"\"><span class=\"vfb-help-block\">For security verification, please enter any random two digit number. For example: 18<\/span><\/div><\/div><\/div><div class=\"vfb-col-5 vfb-fieldType-checkbox\" id=\"vfbField1302\"><label for=\"vfb-field-1302\" class=\"vfb-control-label\"> <span class=\"vfb-required-asterisk\">*<\/span><\/label><div><div class=\"vfb-checkbox\"><label><input id=\"vfb-field-1302-0\" class=\" datenschutz-check\" placeholder=\"\" data-vfb-multiple=\"vfb-field-1302\" required=\"required\" type=\"checkbox\" name=\"vfb-field-1302[0]\" value=\"1\"><small>J&rsquo;accepte la <a href=\"https:\/\/onezone.ch\/fr\/protection-des-donnees\/\">Protection des donn\u00e9es<\/a>*<\/small><\/label><\/div><\/div><\/div><div class=\"vfb-clearfix\"><\/div><div class=\"vfb-col-12 vfb-fieldType-submit\" id=\"vfbField1303\"><button id=\"vfb-field-1303\" class=\" btn btn-primary\" placeholder=\"\" type=\"submit\" name=\"_vfb-submit\">Envoyer<\/button><\/div><div class=\"vfb-clearfix\"><\/div><\/form>\n\t\t\t\t\t\t\t\r\n\t\t\t\t\t<\/div> \r\n\t\t\t\t\t\r\n\t\t\t\t\t <div class=\"txt-textfield-btns pt-2 \">\r\n\t\t\t\t\t\t  \r\n\t\t\t\t\t<\/div> \r\n\t\t\t\t\r\n\t\t\t\t\t\t\r\n\t\r\n\t\t\t\t<\/div>\r\n\r\n\t\t \r\n\t\t\t\r\n\t\t\t\r\n\t\t\t\r\n\r\n\t\t\t\t\t\r\n\t\t <\/div> \t\r\n\t\t<\/div>\r\n\t \r\n\t  \r\n \r\n \r\n\t<\/div>\r\n<\/section>\r\n\r\n","protected":false},"excerpt":{"rendered":"","protected":false},"author":2,"featured_media":0,"parent":0,"menu_order":0,"comment_status":"closed","ping_status":"closed","template":"","meta":{"_acf_changed":false,"footnotes":""},"class_list":["post-6689","page","type-page","status-publish","hentry"],"acf":[],"yoast_head":"<!-- This site is optimized with the Yoast SEO Premium plugin v23.6 (Yoast SEO v27.1.1) - https:\/\/yoast.com\/product\/yoast-seo-premium-wordpress\/ -->\n<title>Recommandez l&#039;application oneZone et recevez des points de r\u00e9compense ! - Versicherungs app - digitaler Versicherungsbroker Schweiz<\/title>\n<meta name=\"robots\" content=\"index, follow, max-snippet:-1, max-image-preview:large, max-video-preview:-1\" \/>\n<link rel=\"canonical\" href=\"https:\/\/onezone.ch\/fr\/recommander\/\" \/>\n<meta property=\"og:locale\" content=\"fr_FR\" \/>\n<meta property=\"og:type\" content=\"article\" \/>\n<meta property=\"og:title\" content=\"Recommandez l&#039;application oneZone et recevez des points de r\u00e9compense !\" \/>\n<meta property=\"og:url\" content=\"https:\/\/onezone.ch\/fr\/recommander\/\" \/>\n<meta property=\"og:site_name\" content=\"Versicherungs app - digitaler Versicherungsbroker Schweiz\" \/>\n<meta property=\"article:publisher\" content=\"https:\/\/www.facebook.com\/onezone.ch\/\" \/>\n<meta property=\"article:modified_time\" content=\"2023-07-31T13:15:46+00:00\" \/>\n<meta property=\"og:image\" content=\"https:\/\/onezone.ch\/wp-content\/uploads\/2022\/09\/fb-bild-oneZone.png\" \/>\n\t<meta property=\"og:image:width\" content=\"1640\" \/>\n\t<meta property=\"og:image:height\" content=\"924\" \/>\n\t<meta property=\"og:image:type\" content=\"image\/png\" \/>\n<meta name=\"twitter:card\" content=\"summary_large_image\" \/>\n<script type=\"application\/ld+json\" class=\"yoast-schema-graph\">{\"@context\":\"https:\/\/schema.org\",\"@graph\":[{\"@type\":\"WebPage\",\"@id\":\"https:\/\/onezone.ch\/fr\/recommander\/\",\"url\":\"https:\/\/onezone.ch\/fr\/recommander\/\",\"name\":\"Recommandez l'application oneZone et recevez des points de r\u00e9compense ! - Versicherungs app - digitaler Versicherungsbroker Schweiz\",\"isPartOf\":{\"@id\":\"https:\/\/onezone.ch\/fr\/#website\"},\"datePublished\":\"2022-10-25T15:20:17+00:00\",\"dateModified\":\"2023-07-31T13:15:46+00:00\",\"breadcrumb\":{\"@id\":\"https:\/\/onezone.ch\/fr\/recommander\/#breadcrumb\"},\"inLanguage\":\"fr-FR\",\"potentialAction\":[{\"@type\":\"ReadAction\",\"target\":[\"https:\/\/onezone.ch\/fr\/recommander\/\"]}]},{\"@type\":\"BreadcrumbList\",\"@id\":\"https:\/\/onezone.ch\/fr\/recommander\/#breadcrumb\",\"itemListElement\":[{\"@type\":\"ListItem\",\"position\":1,\"name\":\"Home\",\"item\":\"https:\/\/onezone.ch\/fr\/\"},{\"@type\":\"ListItem\",\"position\":2,\"name\":\"Recommandez l&#8217;application oneZone et recevez des points de r\u00e9compense !\"}]},{\"@type\":\"WebSite\",\"@id\":\"https:\/\/onezone.ch\/fr\/#website\",\"url\":\"https:\/\/onezone.ch\/fr\/\",\"name\":\"Versicherungs app - Versicherungsbroker Schweiz\",\"description\":\"versicherungs app, digitaler versicherungsmakler schweiz, autoversicherung, lebensversicherung, s\u00e4ule 3a, rechtsschutzversicherung, krankenkasse, reiseversicherung, mietkautionsversicherung, tierversicherung, hausratversicherung, privathaftpflicht versicherung, versicherungsbroker\",\"publisher\":{\"@id\":\"https:\/\/onezone.ch\/fr\/#organization\"},\"potentialAction\":[{\"@type\":\"SearchAction\",\"target\":{\"@type\":\"EntryPoint\",\"urlTemplate\":\"https:\/\/onezone.ch\/fr\/?s={search_term_string}\"},\"query-input\":{\"@type\":\"PropertyValueSpecification\",\"valueRequired\":true,\"valueName\":\"search_term_string\"}}],\"inLanguage\":\"fr-FR\"},{\"@type\":\"Organization\",\"@id\":\"https:\/\/onezone.ch\/fr\/#organization\",\"name\":\"oneZone Versicherung Schweiz\",\"url\":\"https:\/\/onezone.ch\/fr\/\",\"logo\":{\"@type\":\"ImageObject\",\"inLanguage\":\"fr-FR\",\"@id\":\"https:\/\/onezone.ch\/fr\/#\/schema\/logo\/image\/\",\"url\":\"https:\/\/onezone.ch\/wp-content\/uploads\/2022\/07\/onezone-logo-pos-RGB.svg\",\"contentUrl\":\"https:\/\/onezone.ch\/wp-content\/uploads\/2022\/07\/onezone-logo-pos-RGB.svg\",\"width\":1,\"height\":1,\"caption\":\"oneZone Versicherung Schweiz\"},\"image\":{\"@id\":\"https:\/\/onezone.ch\/fr\/#\/schema\/logo\/image\/\"},\"sameAs\":[\"https:\/\/www.facebook.com\/onezone.ch\/\",\"https:\/\/www.instagram.com\/oneZone.ch\/\",\"https:\/\/www.youtube.com\/channel\/UCkADqFvOChofZlL-UkA85mg\/featured\"]}]}<\/script>\n<!-- \/ Yoast SEO Premium plugin. -->","yoast_head_json":{"title":"Recommandez l'application oneZone et recevez des points de r\u00e9compense ! - Versicherungs app - digitaler Versicherungsbroker Schweiz","robots":{"index":"index","follow":"follow","max-snippet":"max-snippet:-1","max-image-preview":"max-image-preview:large","max-video-preview":"max-video-preview:-1"},"canonical":"https:\/\/onezone.ch\/fr\/recommander\/","og_locale":"fr_FR","og_type":"article","og_title":"Recommandez l'application oneZone et recevez des points de r\u00e9compense !","og_url":"https:\/\/onezone.ch\/fr\/recommander\/","og_site_name":"Versicherungs app - digitaler Versicherungsbroker Schweiz","article_publisher":"https:\/\/www.facebook.com\/onezone.ch\/","article_modified_time":"2023-07-31T13:15:46+00:00","og_image":[{"width":1640,"height":924,"url":"https:\/\/onezone.ch\/wp-content\/uploads\/2022\/09\/fb-bild-oneZone.png","type":"image\/png"}],"twitter_card":"summary_large_image","schema":{"@context":"https:\/\/schema.org","@graph":[{"@type":"WebPage","@id":"https:\/\/onezone.ch\/fr\/recommander\/","url":"https:\/\/onezone.ch\/fr\/recommander\/","name":"Recommandez l'application oneZone et recevez des points de r\u00e9compense ! - Versicherungs app - digitaler Versicherungsbroker Schweiz","isPartOf":{"@id":"https:\/\/onezone.ch\/fr\/#website"},"datePublished":"2022-10-25T15:20:17+00:00","dateModified":"2023-07-31T13:15:46+00:00","breadcrumb":{"@id":"https:\/\/onezone.ch\/fr\/recommander\/#breadcrumb"},"inLanguage":"fr-FR","potentialAction":[{"@type":"ReadAction","target":["https:\/\/onezone.ch\/fr\/recommander\/"]}]},{"@type":"BreadcrumbList","@id":"https:\/\/onezone.ch\/fr\/recommander\/#breadcrumb","itemListElement":[{"@type":"ListItem","position":1,"name":"Home","item":"https:\/\/onezone.ch\/fr\/"},{"@type":"ListItem","position":2,"name":"Recommandez l&#8217;application oneZone et recevez des points de r\u00e9compense !"}]},{"@type":"WebSite","@id":"https:\/\/onezone.ch\/fr\/#website","url":"https:\/\/onezone.ch\/fr\/","name":"Versicherungs app - Versicherungsbroker Schweiz","description":"versicherungs app, digitaler versicherungsmakler schweiz, autoversicherung, lebensversicherung, s\u00e4ule 3a, rechtsschutzversicherung, krankenkasse, reiseversicherung, mietkautionsversicherung, tierversicherung, hausratversicherung, privathaftpflicht versicherung, versicherungsbroker","publisher":{"@id":"https:\/\/onezone.ch\/fr\/#organization"},"potentialAction":[{"@type":"SearchAction","target":{"@type":"EntryPoint","urlTemplate":"https:\/\/onezone.ch\/fr\/?s={search_term_string}"},"query-input":{"@type":"PropertyValueSpecification","valueRequired":true,"valueName":"search_term_string"}}],"inLanguage":"fr-FR"},{"@type":"Organization","@id":"https:\/\/onezone.ch\/fr\/#organization","name":"oneZone Versicherung Schweiz","url":"https:\/\/onezone.ch\/fr\/","logo":{"@type":"ImageObject","inLanguage":"fr-FR","@id":"https:\/\/onezone.ch\/fr\/#\/schema\/logo\/image\/","url":"https:\/\/onezone.ch\/wp-content\/uploads\/2022\/07\/onezone-logo-pos-RGB.svg","contentUrl":"https:\/\/onezone.ch\/wp-content\/uploads\/2022\/07\/onezone-logo-pos-RGB.svg","width":1,"height":1,"caption":"oneZone Versicherung Schweiz"},"image":{"@id":"https:\/\/onezone.ch\/fr\/#\/schema\/logo\/image\/"},"sameAs":["https:\/\/www.facebook.com\/onezone.ch\/","https:\/\/www.instagram.com\/oneZone.ch\/","https:\/\/www.youtube.com\/channel\/UCkADqFvOChofZlL-UkA85mg\/featured"]}]}},"_links":{"self":[{"href":"https:\/\/onezone.ch\/fr\/wp-json\/wp\/v2\/pages\/6689","targetHints":{"allow":["GET"]}}],"collection":[{"href":"https:\/\/onezone.ch\/fr\/wp-json\/wp\/v2\/pages"}],"about":[{"href":"https:\/\/onezone.ch\/fr\/wp-json\/wp\/v2\/types\/page"}],"author":[{"embeddable":true,"href":"https:\/\/onezone.ch\/fr\/wp-json\/wp\/v2\/users\/2"}],"replies":[{"embeddable":true,"href":"https:\/\/onezone.ch\/fr\/wp-json\/wp\/v2\/comments?post=6689"}],"version-history":[{"count":5,"href":"https:\/\/onezone.ch\/fr\/wp-json\/wp\/v2\/pages\/6689\/revisions"}],"predecessor-version":[{"id":13048,"href":"https:\/\/onezone.ch\/fr\/wp-json\/wp\/v2\/pages\/6689\/revisions\/13048"}],"wp:attachment":[{"href":"https:\/\/onezone.ch\/fr\/wp-json\/wp\/v2\/media?parent=6689"}],"curies":[{"name":"wp","href":"https:\/\/api.w.org\/{rel}","templated":true}]}}