{"id":14752,"date":"2023-08-10T16:00:38","date_gmt":"2023-08-10T14:00:38","guid":{"rendered":"https:\/\/onezone.ch\/digital-estate-svizzera\/"},"modified":"2023-08-10T16:49:29","modified_gmt":"2023-08-10T14:49:29","slug":"digital-estate-svizzera","status":"publish","type":"page","link":"https:\/\/onezone.ch\/it\/digital-estate-svizzera\/","title":{"rendered":"Digital Estate Svizzera"},"content":{"rendered":"\n<p><\/p>\n\n\n<section id=\"res-header-image-block_1463502dd8d535f7ea7d71fe806bc085\" class=\"res-block res-header-image alignfull \">\n  <div class=\"res-header-img-outside mb-5\" data-aos=\"res-fadeIn\">\n\t<div class=\"res-header-height\">\n\t\t\n\t\n\t  <style> \n\t\t  @media only screen and (min-width: 970px) {\n\t\t\t #res-header-image-block_1463502dd8d535f7ea7d71fe806bc085.res-header-image .layout-1.header-img-height { height: 66vh;}  \n\t\t\t #res-header-image-block_1463502dd8d535f7ea7d71fe806bc085.res-header-image .layout-1 .res-header-image-vertical-center { top: 66%;} \n\t\t\t  \t\t\t  \n\t\t\t  \n\t\t  }\n\t\t  @media only screen and (max-width: 970px) {  \n\t\t\t#res-header-image-block_1463502dd8d535f7ea7d71fe806bc085.res-header-image .layout-1.header-img-height { height: 55vh;} \n\t\t\t  \n\t\t\t  \n\t\t\t    #res-header-image-block_1463502dd8d535f7ea7d71fe806bc085.res-header-image .layout-1 .res-header-image-vertical-center { top: 55%;}\t\t\t  \t\t  }\n\t\t  \t  <\/style> \n\t\t\n\t  <div class=\"layout-1 jarallax header-img-height\" data-speed=\"0.6\" style=\"colore di sfondo: #000;\">\n\t\t  \n\t\t\t\t<div class=\"res-header-image-vertical-center\">\n\t\t\t\t\t<div class=\"contenitore fluido\">\n\t\t\t\t\t\t\n\t\t\t\t\t\t<div class=\"sloganBox\">\n                           <div class=\"row\">\n                             <div class=\"col col-md-8 testo-sinistra\">\n\t\t\t\t\t\t\t\t <div class=\"\" data-aos=\"res-leftIncoming\">\n\t\t\t\t\t\t\t\t \n                                \t\n\t\t\t\t\t\t\t\t \n                                  \n\t\t\t\t\t\t\t\t \t<h2>Digital Estate Svizzera<\/h2>\n                                \t\t\t\t\t\t\t\t \n                                \t\n\t\t\t\t\t\t\t\t \n\t\t\t\t\t\t\t\t\t\n\n\t\t\t\t\t\t\t\t \t\t\t\t\t\t\t\t \n\t\t\t\t\t\t\t\t\t<\/div>\n\t\t\t\t                 <\/div>\n\t\t\t\t\t\t\t<\/div>\n\t\t\t\t\t\t<\/div>\n\n\t\t\t\t\t<\/div>\n\t\t\t\t<\/div>\n\t\t\t\t\n\t\t\t\t\t\t<img decoding=\"async\" class=\"jarallax-img img-fluid\" src=\"\" alt=\"\"  style=\"opacity: 0.9;\" \/>\n\t\t    \t\t  \n\t\t\t \n\t\t\t  <div class=\"header-arrow\"><a class=\"scrollerTo\" href=\"#contenuto\"><i class=\"fal fa-chevron-down\" aria-hidden=\"true\"><\/i><\/a> <\/div>\n\t\t\t\t\t  \n\t\t   <\/div>\n\t\t\t \n\t \n\n\n\t\t<\/div>\n\t<\/div>\n<\/section>\t\r\n  \r\n\t<style>\r\n\t\t.link-anker-with-no-padding {padding: 0 !important;}\r\n  <\/style>\r\n\r\n<section id=\"contenuto\" class=\"res-block res-link-anker py-4  link-anker-with-no-padding\" style=\"sfondo: trasparente;\">\r\n  <div class=\"inner-container contenitore-off\" data-aos=\"res-fadeIn\">\r\n\t\r\n\t\t\r\n\t  \r\n\r\n\t<\/div>\r\n<\/section>\r\n\r\n<section id=\"res-txt-block_df43480fa9bc58872380e67126c8a2e1\" class=\"res-block res-txt alignfull layout01 py-2 \" style=\"sfondo: trasparente;\">\r\n  <div class=\"inner-container contenitore fluido\" data-aos=\"res-fadeIn\">\r\n \r\n\t\t  \r\n\t\t \t  \r\n      \r\n      <div class=\"layout-1 txt-section\">\r\n\t\t<div class=\"row\">\t\r\n\t\t\t\r\n\t\t \r\n\t\t\t\r\n\t\t\t\r\n\t\t\t\r\n\r\n\t\t\t\t\t\r\n\t\t <\/div> \t\r\n\t\t<\/div>\r\n\t \r\n\t  \r\n \r\n \r\n\t<\/div>\r\n<\/section>\r\n\r\n\r\n  \r\n\t<style>\r\n\t\t.link-anker-with-no-padding {padding: 0 !important;}\r\n  <\/style>\r\n\r\n<section id=\"contenuto1\" class=\"res-block res-link-anker py-4  link-anker-with-no-padding\" style=\"sfondo: trasparente;\">\r\n  <div class=\"inner-container contenitore-off\" data-aos=\"res-fadeIn\">\r\n\t\r\n\t\t\r\n\t  \r\n\r\n\t<\/div>\r\n<\/section>\r\n\r\n<section id=\"res-txt-block_c86a3cca34302a46c2dc3a4dcc3754d2\" class=\"res-block res-txt alignfull layout01 py-2 \" style=\"colore di sfondo: #eeeff6;\">\r\n  <div class=\"inner-container contenitore fluido\" data-aos=\"res-fadeIn\">\r\n \r\n\t\t  \r\n\t\t \t  \r\n      \r\n      <div class=\"layout-1 txt-section\">\r\n\t\t<div class=\"row\">\t\r\n\t\t\t\r\n\t\t \r\n\t\t\t\r\n\t\t\t\r\n\t\t\t\r\n\r\n\t\t\t\t\t\r\n\t\t <\/div> \t\r\n\t\t<\/div>\r\n\t \r\n\t  \r\n \r\n \r\n\t<\/div>\r\n<\/section>\r\n\r\n\r\n  \r\n\t<style>\r\n\t\t.link-anker-with-no-padding {padding: 0 !important;}\r\n  <\/style>\r\n\r\n<section id=\"contenuto2\" class=\"res-block res-link-anker py-4  link-anker-with-no-padding\" style=\"sfondo: trasparente;\">\r\n  <div class=\"inner-container contenitore-off\" data-aos=\"res-fadeIn\">\r\n\t\r\n\t\t\r\n\t  \r\n\r\n\t<\/div>\r\n<\/section>\r\n\r\n<section id=\"res-txt-block_9342af70fb64c0346bd404db854e11a9\" class=\"res-block res-txt alignfull layout01 py-2 \" style=\"sfondo: trasparente;\">\r\n  <div class=\"inner-container contenitore fluido\" data-aos=\"res-fadeIn\">\r\n \r\n\t\t  \r\n\t\t \t  \r\n      \r\n      <div class=\"layout-1 txt-section\">\r\n\t\t<div class=\"row\">\t\r\n\t\t\t\r\n\t\t \r\n\t\t\t\r\n\t\t\t\r\n\t\t\t\r\n\r\n\t\t\t\t\t\r\n\t\t <\/div> \t\r\n\t\t<\/div>\r\n\t \r\n\t  \r\n \r\n \r\n\t<\/div>\r\n<\/section>\r\n\r\n\r\n  \r\n\t<style>\r\n\t\t.link-anker-with-no-padding {padding: 0 !important;}\r\n  <\/style>\r\n\r\n<section id=\"contenuto3\" class=\"res-block res-link-anker py-4  link-anker-with-no-padding\" style=\"sfondo: trasparente;\">\r\n  <div class=\"inner-container contenitore-off\" data-aos=\"res-fadeIn\">\r\n\t\r\n\t\t\r\n\t  \r\n\r\n\t<\/div>\r\n<\/section>\r\n\r\n<section id=\"res-txt-block_e958215f5df59a27078f71c71d85620f\" class=\"res-block res-txt alignfull layout01 py-2 \" style=\"colore di sfondo: #eeeff6;\">\r\n  <div class=\"inner-container contenitore fluido\" data-aos=\"res-fadeIn\">\r\n \r\n\t\t  \r\n\t\t \t  \r\n      \r\n      <div class=\"layout-1 txt-section\">\r\n\t\t<div class=\"row\">\t\r\n\t\t\t\r\n\t\t \r\n\t\t\t\r\n\t\t\t\r\n\t\t\t\r\n\r\n\t\t\t\t\t\r\n\t\t <\/div> \t\r\n\t\t<\/div>\r\n\t \r\n\t  \r\n \r\n \r\n\t<\/div>\r\n<\/section>\r\n\r\n\r\n  \r\n\t<style>\r\n\t\t.link-anker-with-no-padding {padding: 0 !important;}\r\n  <\/style>\r\n\r\n<section id=\"contenuto4\" class=\"res-block res-link-anker py-4  link-anker-with-no-padding\" style=\"sfondo: trasparente;\">\r\n  <div class=\"inner-container contenitore-off\" data-aos=\"res-fadeIn\">\r\n\t\r\n\t\t\r\n\t  \r\n\r\n\t<\/div>\r\n<\/section>\r\n\r\n<section id=\"res-txt-block_4658ae888e79fc04870c155a6f3e17b8\" class=\"res-block res-txt alignfull layout01 py-2 \" style=\"sfondo: trasparente;\">\r\n  <div class=\"inner-container contenitore fluido\" data-aos=\"res-fadeIn\">\r\n \r\n\t\t  \r\n\t\t \t  \r\n      \r\n      <div class=\"layout-1 txt-section\">\r\n\t\t<div class=\"row\">\t\r\n\t\t\t\r\n\t\t \r\n\t\t\t\r\n\t\t\t\r\n\t\t\t\r\n\r\n\t\t\t\t\t\r\n\t\t <\/div> \t\r\n\t\t<\/div>\r\n\t \r\n\t  \r\n \r\n \r\n\t<\/div>\r\n<\/section>\r\n\r\n\r\n  \r\n\t<style>\r\n\t\t.link-anker-with-no-padding {padding: 0 !important;}\r\n  <\/style>\r\n\r\n<section id=\"contenuto5\" class=\"res-block res-link-anker py-4  link-anker-with-no-padding\" style=\"sfondo: trasparente;\">\r\n  <div class=\"inner-container contenitore-off\" data-aos=\"res-fadeIn\">\r\n\t\r\n\t\t\r\n\t  \r\n\r\n\t<\/div>\r\n<\/section>\r\n\r\n<section id=\"res-txt-block_b73fc8f60f0c152ef199efec85eb2d30\" class=\"res-block res-txt alignfull layout01 py-2 \" style=\"sfondo: trasparente;\">\r\n  <div class=\"inner-container contenitore fluido\" data-aos=\"res-fadeIn\">\r\n \r\n\t\t  \r\n\t\t \t  \r\n      \r\n      <div class=\"layout-1 txt-section\">\r\n\t\t<div class=\"row\">\t\r\n\t\t\t\r\n\t\t \r\n\t\t\t\r\n\t\t\t\r\n\t\t\t\r\n\r\n\t\t\t\t\t\r\n\t\t <\/div> \t\r\n\t\t<\/div>\r\n\t \r\n\t  \r\n \r\n \r\n\t<\/div>\r\n<\/section>\r\n\r\n","protected":false},"excerpt":{"rendered":"","protected":false},"author":2,"featured_media":0,"parent":0,"menu_order":0,"comment_status":"closed","ping_status":"closed","template":"","meta":{"_acf_changed":false,"footnotes":""},"class_list":["post-14752","page","type-page","status-publish","hentry"],"acf":[],"yoast_head":"<!-- This site is optimized with the Yoast SEO Premium plugin v23.6 (Yoast SEO v27.1.1) - https:\/\/yoast.com\/product\/yoast-seo-premium-wordpress\/ -->\n<title>%<\/title>\n<meta name=\"description\" content=\"Le informazioni pi\u00f9 importanti sull&#039;importante tema: Tempo digitale ed eredit\u00e0 digitale. Cos&#039;\u00e8 e cosa fare. Per saperne di pi\u00f9\" \/>\n<meta name=\"robots\" content=\"index, follow, max-snippet:-1, max-image-preview:large, max-video-preview:-1\" \/>\n<link rel=\"canonical\" href=\"https:\/\/onezone.ch\/it\/digital-estate-svizzera\/\" \/>\n<meta property=\"og:locale\" content=\"it_IT\" \/>\n<meta property=\"og:type\" content=\"article\" \/>\n<meta property=\"og:title\" content=\"Digital Estate Svizzera\" \/>\n<meta property=\"og:description\" content=\"Le informazioni pi\u00f9 importanti sull&#039;importante tema: Tempo digitale ed eredit\u00e0 digitale. Cos&#039;\u00e8 e cosa fare. Per saperne di pi\u00f9\" \/>\n<meta property=\"og:url\" content=\"https:\/\/onezone.ch\/it\/digital-estate-svizzera\/\" \/>\n<meta property=\"og:site_name\" content=\"Versicherungs app - digitaler Versicherungsbroker Schweiz\" \/>\n<meta property=\"article:publisher\" content=\"https:\/\/www.facebook.com\/onezone.ch\/\" \/>\n<meta property=\"article:modified_time\" content=\"2023-08-10T14:49:29+00:00\" \/>\n<meta property=\"og:image\" content=\"https:\/\/onezone.ch\/wp-content\/uploads\/2022\/09\/fb-bild-oneZone.png\" \/>\n\t<meta property=\"og:image:width\" content=\"1640\" \/>\n\t<meta property=\"og:image:height\" content=\"924\" \/>\n\t<meta property=\"og:image:type\" content=\"image\/png\" \/>\n<meta name=\"twitter:card\" content=\"summary_large_image\" \/>\n<script type=\"application\/ld+json\" class=\"yoast-schema-graph\">{\"@context\":\"https:\/\/schema.org\",\"@graph\":[{\"@type\":\"WebPage\",\"@id\":\"https:\/\/onezone.ch\/it\/digital-estate-svizzera\/\",\"url\":\"https:\/\/onezone.ch\/it\/digital-estate-svizzera\/\",\"name\":\"%\",\"isPartOf\":{\"@id\":\"https:\/\/onezone.ch\/it\/#website\"},\"datePublished\":\"2023-08-10T14:00:38+00:00\",\"dateModified\":\"2023-08-10T14:49:29+00:00\",\"description\":\"Le informazioni pi\u00f9 importanti sull'importante tema: Tempo digitale ed eredit\u00e0 digitale. Cos'\u00e8 e cosa fare. Per saperne di pi\u00f9\",\"breadcrumb\":{\"@id\":\"https:\/\/onezone.ch\/it\/digital-estate-svizzera\/#breadcrumb\"},\"inLanguage\":\"it-IT\",\"potentialAction\":[{\"@type\":\"ReadAction\",\"target\":[\"https:\/\/onezone.ch\/it\/digital-estate-svizzera\/\"]}]},{\"@type\":\"BreadcrumbList\",\"@id\":\"https:\/\/onezone.ch\/it\/digital-estate-svizzera\/#breadcrumb\",\"itemListElement\":[{\"@type\":\"ListItem\",\"position\":1,\"name\":\"Home\",\"item\":\"https:\/\/onezone.ch\/it\/\"},{\"@type\":\"ListItem\",\"position\":2,\"name\":\"Digital Estate Svizzera\"}]},{\"@type\":\"WebSite\",\"@id\":\"https:\/\/onezone.ch\/it\/#website\",\"url\":\"https:\/\/onezone.ch\/it\/\",\"name\":\"Versicherungs app - Versicherungsbroker Schweiz\",\"description\":\"versicherungs app, digitaler versicherungsmakler schweiz, autoversicherung, lebensversicherung, s\u00e4ule 3a, rechtsschutzversicherung, krankenkasse, reiseversicherung, mietkautionsversicherung, tierversicherung, hausratversicherung, privathaftpflicht versicherung, versicherungsbroker\",\"publisher\":{\"@id\":\"https:\/\/onezone.ch\/it\/#organization\"},\"potentialAction\":[{\"@type\":\"SearchAction\",\"target\":{\"@type\":\"EntryPoint\",\"urlTemplate\":\"https:\/\/onezone.ch\/it\/?s={search_term_string}\"},\"query-input\":{\"@type\":\"PropertyValueSpecification\",\"valueRequired\":true,\"valueName\":\"search_term_string\"}}],\"inLanguage\":\"it-IT\"},{\"@type\":\"Organization\",\"@id\":\"https:\/\/onezone.ch\/it\/#organization\",\"name\":\"oneZone Versicherung Schweiz\",\"url\":\"https:\/\/onezone.ch\/it\/\",\"logo\":{\"@type\":\"ImageObject\",\"inLanguage\":\"it-IT\",\"@id\":\"https:\/\/onezone.ch\/it\/#\/schema\/logo\/image\/\",\"url\":\"https:\/\/onezone.ch\/wp-content\/uploads\/2022\/07\/onezone-logo-pos-RGB.svg\",\"contentUrl\":\"https:\/\/onezone.ch\/wp-content\/uploads\/2022\/07\/onezone-logo-pos-RGB.svg\",\"width\":1,\"height\":1,\"caption\":\"oneZone Versicherung Schweiz\"},\"image\":{\"@id\":\"https:\/\/onezone.ch\/it\/#\/schema\/logo\/image\/\"},\"sameAs\":[\"https:\/\/www.facebook.com\/onezone.ch\/\",\"https:\/\/www.instagram.com\/oneZone.ch\/\",\"https:\/\/www.youtube.com\/channel\/UCkADqFvOChofZlL-UkA85mg\/featured\"]}]}<\/script>\n<!-- \/ Yoast SEO Premium plugin. -->","yoast_head_json":{"title":"%","description":"Le informazioni pi\u00f9 importanti sull'importante tema: Tempo digitale ed eredit\u00e0 digitale. Cos'\u00e8 e cosa fare. Per saperne di pi\u00f9","robots":{"index":"index","follow":"follow","max-snippet":"max-snippet:-1","max-image-preview":"max-image-preview:large","max-video-preview":"max-video-preview:-1"},"canonical":"https:\/\/onezone.ch\/it\/digital-estate-svizzera\/","og_locale":"it_IT","og_type":"article","og_title":"Digital Estate Svizzera","og_description":"Le informazioni pi\u00f9 importanti sull'importante tema: Tempo digitale ed eredit\u00e0 digitale. Cos'\u00e8 e cosa fare. Per saperne di pi\u00f9","og_url":"https:\/\/onezone.ch\/it\/digital-estate-svizzera\/","og_site_name":"Versicherungs app - digitaler Versicherungsbroker Schweiz","article_publisher":"https:\/\/www.facebook.com\/onezone.ch\/","article_modified_time":"2023-08-10T14:49:29+00:00","og_image":[{"width":1640,"height":924,"url":"https:\/\/onezone.ch\/wp-content\/uploads\/2022\/09\/fb-bild-oneZone.png","type":"image\/png"}],"twitter_card":"summary_large_image","schema":{"@context":"https:\/\/schema.org","@graph":[{"@type":"WebPage","@id":"https:\/\/onezone.ch\/it\/digital-estate-svizzera\/","url":"https:\/\/onezone.ch\/it\/digital-estate-svizzera\/","name":"%","isPartOf":{"@id":"https:\/\/onezone.ch\/it\/#website"},"datePublished":"2023-08-10T14:00:38+00:00","dateModified":"2023-08-10T14:49:29+00:00","description":"Le informazioni pi\u00f9 importanti sull'importante tema: Tempo digitale ed eredit\u00e0 digitale. Cos'\u00e8 e cosa fare. Per saperne di pi\u00f9","breadcrumb":{"@id":"https:\/\/onezone.ch\/it\/digital-estate-svizzera\/#breadcrumb"},"inLanguage":"it-IT","potentialAction":[{"@type":"ReadAction","target":["https:\/\/onezone.ch\/it\/digital-estate-svizzera\/"]}]},{"@type":"BreadcrumbList","@id":"https:\/\/onezone.ch\/it\/digital-estate-svizzera\/#breadcrumb","itemListElement":[{"@type":"ListItem","position":1,"name":"Home","item":"https:\/\/onezone.ch\/it\/"},{"@type":"ListItem","position":2,"name":"Digital Estate Svizzera"}]},{"@type":"WebSite","@id":"https:\/\/onezone.ch\/it\/#website","url":"https:\/\/onezone.ch\/it\/","name":"Versicherungs app - Versicherungsbroker Schweiz","description":"versicherungs app, digitaler versicherungsmakler schweiz, autoversicherung, lebensversicherung, s\u00e4ule 3a, rechtsschutzversicherung, krankenkasse, reiseversicherung, mietkautionsversicherung, tierversicherung, hausratversicherung, privathaftpflicht versicherung, versicherungsbroker","publisher":{"@id":"https:\/\/onezone.ch\/it\/#organization"},"potentialAction":[{"@type":"SearchAction","target":{"@type":"EntryPoint","urlTemplate":"https:\/\/onezone.ch\/it\/?s={search_term_string}"},"query-input":{"@type":"PropertyValueSpecification","valueRequired":true,"valueName":"search_term_string"}}],"inLanguage":"it-IT"},{"@type":"Organization","@id":"https:\/\/onezone.ch\/it\/#organization","name":"oneZone Versicherung Schweiz","url":"https:\/\/onezone.ch\/it\/","logo":{"@type":"ImageObject","inLanguage":"it-IT","@id":"https:\/\/onezone.ch\/it\/#\/schema\/logo\/image\/","url":"https:\/\/onezone.ch\/wp-content\/uploads\/2022\/07\/onezone-logo-pos-RGB.svg","contentUrl":"https:\/\/onezone.ch\/wp-content\/uploads\/2022\/07\/onezone-logo-pos-RGB.svg","width":1,"height":1,"caption":"oneZone Versicherung Schweiz"},"image":{"@id":"https:\/\/onezone.ch\/it\/#\/schema\/logo\/image\/"},"sameAs":["https:\/\/www.facebook.com\/onezone.ch\/","https:\/\/www.instagram.com\/oneZone.ch\/","https:\/\/www.youtube.com\/channel\/UCkADqFvOChofZlL-UkA85mg\/featured"]}]}},"_links":{"self":[{"href":"https:\/\/onezone.ch\/it\/wp-json\/wp\/v2\/pages\/14752","targetHints":{"allow":["GET"]}}],"collection":[{"href":"https:\/\/onezone.ch\/it\/wp-json\/wp\/v2\/pages"}],"about":[{"href":"https:\/\/onezone.ch\/it\/wp-json\/wp\/v2\/types\/page"}],"author":[{"embeddable":true,"href":"https:\/\/onezone.ch\/it\/wp-json\/wp\/v2\/users\/2"}],"replies":[{"embeddable":true,"href":"https:\/\/onezone.ch\/it\/wp-json\/wp\/v2\/comments?post=14752"}],"version-history":[{"count":1,"href":"https:\/\/onezone.ch\/it\/wp-json\/wp\/v2\/pages\/14752\/revisions"}],"predecessor-version":[{"id":14753,"href":"https:\/\/onezone.ch\/it\/wp-json\/wp\/v2\/pages\/14752\/revisions\/14753"}],"wp:attachment":[{"href":"https:\/\/onezone.ch\/it\/wp-json\/wp\/v2\/media?parent=14752"}],"curies":[{"name":"wp","href":"https:\/\/api.w.org\/{rel}","templated":true}]}}